{"id":42389,"date":"2026-05-08T08:26:08","date_gmt":"2026-05-08T06:26:08","guid":{"rendered":"https:\/\/smania.store\/de\/produkt\/rust-cleaner-rostentferner-spray\/"},"modified":"2026-05-08T08:26:08","modified_gmt":"2026-05-08T06:26:08","slug":"rust-cleaner-rostentferner-spray","status":"publish","type":"product","link":"https:\/\/smania.store\/de\/produkt\/rust-cleaner-rostentferner-spray\/","title":{"rendered":"Rust Cleaner Rostentferner-Spray"},"content":{"rendered":"<div class=\"smania_landing_description_title\">Eine ganz neue Dimension der Rostentfernung!<\/div>\n<div class=\"smania_landing_description_txt\">Entfernt hartn\u00e4ckigen Rost in Minutenschnelle!<\/div>\n<div class=\"smania_landing_description_subtitle\">Spr\u00fchen, schrubben und fertig! Mit Rust Cleaner lassen sich verrostete Oberfl\u00e4chen leicht wiederherstellen. Er l\u00f6st hartn\u00e4ckigen Rost schnell auf, stellt eine saubere, glatte Oberfl\u00e4che wieder her, bildet einen Schutzfilm, w\u00e4hrend er Rostflecken entfernt, und verhindert, dass Metall wieder rostet, so dass Ihre Gegenst\u00e4nde l\u00e4nger halten.<\/div>\n<div class=\"smania_landing_description_list\">\n<ul>\n<li>5-fache Rostentfernungskraft: Diese fl\u00fcssige Hochleistungsformel haftet, um Rostflecken ohne Schrubben vollst\u00e4ndig aufzul\u00f6sen<\/li>\n<li>L\u00f6st hartn\u00e4ckigen Rost sofort auf: Entfernt m\u00fchelos hartn\u00e4ckigen Rost auf allen Metall- und Chromoberfl\u00e4chen in nur 3 Minuten!<\/li>\n<li>Lang anhaltender 3-Jahres-Schutz: Beseitigt Rost und pr\u00e4pariert Metall, um Rost f\u00fcr 3 Jahre zu verhindern<\/li>\n<li>Leicht zu spr\u00fchen, kein Absp\u00fclen: Einfach aufspr\u00fchen und auf die verrostete Oberfl\u00e4che auftragen, kein Anfassen oder Schutzkleidung erforderlich!<\/li>\n<li>Vielseitig einsetzbar: Ideal f\u00fcr Badezimmer, Toiletten, K\u00fcchenutensilien und Metalloberfl\u00e4chen in Autos<\/li>\n<\/ul><\/div>\n","protected":false},"excerpt":{"rendered":"<p>Entfernt Rost einfach und sofort und stellt den Glanz wieder her|Sch\u00fctzt die Oberfl\u00e4che vor Oxidation und sorgt f\u00fcr eine lang anhaltende Wirkung|Sicher in der Anwendung auf fast allen Oberfl\u00e4chen|Inhalt: 400 ml|Haltbarkeitsdauer: 3 Jahre|Lagerung: An einem k\u00fchlen, schattigen Ort aufbewahren<\/p>\n","protected":false},"featured_media":42377,"template":"","meta":[],"product_cat":[18,16,2568],"product_tag":[],"acf":[],"_links":{"self":[{"href":"https:\/\/smania.store\/de\/wp-json\/wp\/v2\/product\/42389"}],"collection":[{"href":"https:\/\/smania.store\/de\/wp-json\/wp\/v2\/product"}],"about":[{"href":"https:\/\/smania.store\/de\/wp-json\/wp\/v2\/types\/product"}],"wp:featuredmedia":[{"embeddable":true,"href":"https:\/\/smania.store\/de\/wp-json\/wp\/v2\/media\/42377"}],"wp:attachment":[{"href":"https:\/\/smania.store\/de\/wp-json\/wp\/v2\/media?parent=42389"}],"wp:term":[{"taxonomy":"product_cat","embeddable":true,"href":"https:\/\/smania.store\/de\/wp-json\/wp\/v2\/product_cat?post=42389"},{"taxonomy":"product_tag","embeddable":true,"href":"https:\/\/smania.store\/de\/wp-json\/wp\/v2\/product_tag?post=42389"}],"curies":[{"name":"wp","href":"https:\/\/api.w.org\/{rel}","templated":true}]}}