{"id":42352,"date":"2026-05-06T13:40:07","date_gmt":"2026-05-06T11:40:07","guid":{"rendered":"https:\/\/smania.store\/de\/produkt\/easyborder-kunststoffrasenkante-mit-naegeln-10m\/"},"modified":"2026-05-06T13:40:07","modified_gmt":"2026-05-06T11:40:07","slug":"easyborder-kunststoffrasenkante-mit-naegeln-10m","status":"publish","type":"product","link":"https:\/\/smania.store\/de\/produkt\/easyborder-kunststoffrasenkante-mit-naegeln-10m\/","title":{"rendered":"EasyBorder\u2122 Kunststoffrasenkante mit N\u00e4geln &#8211; 10m"},"content":{"rendered":"<div class=\"smania_landing_description_title\">NEU: Gestalten Sie Ihre Landschaft m\u00fchelos<\/div>\n<div class=\"smania_landing_description_txt\">Perfekte Grenzen f\u00fcr einen ordentlichen Garten<\/div>\n<div class=\"smania_landing_description_subtitle\">EasyBorder\u2122 macht das Erstellen von sauberen, klaren Gartenkanten m\u00fchelos \u2013 kein Graben, kein Chaos, keine Werkzeuge erforderlich. Entwickelt f\u00fcr kreatives Landschaftsdesign, l\u00e4sst sich diese flexible Einfassung ganz einfach biegen, um geraden Linien oder sanften Kurven zu folgen und verleiht Ihrem Garten in nur wenigen Minuten ein gepflegtes, professionelles Aussehen.<\/div>\n<div class=\"smania_landing_description_list\">\n<ul>\n<li>Haltbares PE-Material sorgt f\u00fcr Langlebigkeit <\/li>\n<li>Flexibles Design f\u00fcr individuelle Layouts <\/li>\n<li>Einfache Installation\u2014kein Graben erforderlich <\/li>\n<li>30 N\u00e4gel zur Stabilit\u00e4t enthalten <\/li>\n<li>Verf\u00fcgbar in 10 m L\u00e4nge, 5 cm hoch <\/li>\n<li>Wetterfest und langlebig<\/li>\n<\/ul><\/div>\n","protected":false},"excerpt":{"rendered":"<p>Verhindert m\u00fchelos das Ausbreiten von Gras |Biegt sich flexibel, um jede Form anzupassen |Sicher mit den beiliegenden N\u00e4geln |Einfach zuzuschneiden f\u00fcr die perfekte Passform|Farbe: Schwarz |Abmessungen: 10m L\u00e4nge, 5cm H\u00f6he |Material: Hochdichtes Polyethylen (HDPE) |Lieferumfang: 1x 10m lange Kunststoffrasenkante, 30x N\u00e4gel<\/p>\n","protected":false},"featured_media":42339,"template":"","meta":[],"product_cat":[16],"product_tag":[1495],"acf":[],"_links":{"self":[{"href":"https:\/\/smania.store\/de\/wp-json\/wp\/v2\/product\/42352"}],"collection":[{"href":"https:\/\/smania.store\/de\/wp-json\/wp\/v2\/product"}],"about":[{"href":"https:\/\/smania.store\/de\/wp-json\/wp\/v2\/types\/product"}],"wp:featuredmedia":[{"embeddable":true,"href":"https:\/\/smania.store\/de\/wp-json\/wp\/v2\/media\/42339"}],"wp:attachment":[{"href":"https:\/\/smania.store\/de\/wp-json\/wp\/v2\/media?parent=42352"}],"wp:term":[{"taxonomy":"product_cat","embeddable":true,"href":"https:\/\/smania.store\/de\/wp-json\/wp\/v2\/product_cat?post=42352"},{"taxonomy":"product_tag","embeddable":true,"href":"https:\/\/smania.store\/de\/wp-json\/wp\/v2\/product_tag?post=42352"}],"curies":[{"name":"wp","href":"https:\/\/api.w.org\/{rel}","templated":true}]}}