{"id":42202,"date":"2026-05-04T07:53:01","date_gmt":"2026-05-04T05:53:01","guid":{"rendered":"https:\/\/smania.store\/de\/produkt\/babytower-verstellbarer-lernturm-aus-holz\/"},"modified":"2026-05-04T08:47:41","modified_gmt":"2026-05-04T06:47:41","slug":"babytower-verstellbarer-lernturm-aus-holz","status":"publish","type":"product","link":"https:\/\/smania.store\/de\/produkt\/babytower-verstellbarer-lernturm-aus-holz\/","title":{"rendered":"BabyTower\u2122 verstellbarer Lern\u00adturm aus Holz"},"content":{"rendered":"<div class=\"smania_landing_description_title\">NEU: Verbessern Sie Ihre K\u00fccheneinrichtung<\/div>\n<div class=\"smania_landing_description_txt\">Hebt ihre Welt. Sicher.<\/div>\n<div class=\"smania_landing_description_subtitle\">BabyTower\u2122 ist ein stabiler Lernstuhl aus Holz, der Ihr Kind auf die Arbeitsplattenh\u00f6he hebt, damit es sicher an Ihrer Seite erkunden, lernen und helfen kann. Mit einem klappbaren Rahmen und 3 verstellbaren Plattformh\u00f6hen w\u00e4chst er mit Ihrem Kind von den ersten Schritten bis hin zu selbstbewussten K\u00fcchenhelfern.<\/div>\n<div class=\"smania_landing_description_list\">\n<ul>\n<li>Faltbares Design spart Platz und l\u00e4sst sich leicht in kleinen K\u00fcchen verstauen <\/li>\n<li>Drei verstellbare H\u00f6hen passen sich dem Wachstum Ihres Kindes von 1 bis 6 Jahren an <\/li>\n<li>Breite Standfl\u00e4che sorgt f\u00fcr Stabilit\u00e4t und Sicherheit w\u00e4hrend des Spielens oder Helfens <\/li>\n<li>Robuste Holzkonstruktion garantiert langanhaltende St\u00e4rke und Sicherheit <\/li>\n<li>Abgerundete Kanten und eine sch\u00fctzende Oberfl\u00e4che gew\u00e4hrleisten ein kindersicheres Design<\/li>\n<\/ul><\/div>\n","protected":false},"excerpt":{"rendered":"<p>Faltbares, platzsparendes Design |3 h\u00f6henverstellbare Stufen |Stabile, breite Standfl\u00e4che |Sichere, abgerundete Kanten |K\u00fcchenhilfe, Spielturm, Lernaktivit\u00e4tsturm|Material: Hochwertiger Sperrholz mit kindersicherem Lack |Altersspanne: 12 Monate bis 6 Jahre |Entfaltet Gr\u00f6\u00dfe: 90 x 58 x 50 cm |Unterst\u00fctzungen: Seitliche Stabilisatoren + hintere St\u00fctze f\u00fcr zus\u00e4tzliche Stabilit\u00e4t |Sicherheits Hinweis: Nur ein Kind gleichzeitig; Aufsicht durch einen Erwachsenen erforderlich<\/p>\n","protected":false},"featured_media":42288,"template":"","meta":[],"product_cat":[17],"product_tag":[1505],"acf":[],"_links":{"self":[{"href":"https:\/\/smania.store\/de\/wp-json\/wp\/v2\/product\/42202"}],"collection":[{"href":"https:\/\/smania.store\/de\/wp-json\/wp\/v2\/product"}],"about":[{"href":"https:\/\/smania.store\/de\/wp-json\/wp\/v2\/types\/product"}],"wp:featuredmedia":[{"embeddable":true,"href":"https:\/\/smania.store\/de\/wp-json\/wp\/v2\/media\/42288"}],"wp:attachment":[{"href":"https:\/\/smania.store\/de\/wp-json\/wp\/v2\/media?parent=42202"}],"wp:term":[{"taxonomy":"product_cat","embeddable":true,"href":"https:\/\/smania.store\/de\/wp-json\/wp\/v2\/product_cat?post=42202"},{"taxonomy":"product_tag","embeddable":true,"href":"https:\/\/smania.store\/de\/wp-json\/wp\/v2\/product_tag?post=42202"}],"curies":[{"name":"wp","href":"https:\/\/api.w.org\/{rel}","templated":true}]}}