{"id":42189,"date":"2026-05-04T07:46:36","date_gmt":"2026-05-04T05:46:36","guid":{"rendered":"https:\/\/smania.store\/de\/produkt\/bouncepro-faltbare-trampolin-mit-verstellbarem-handlauf\/"},"modified":"2026-05-04T08:53:02","modified_gmt":"2026-05-04T06:53:02","slug":"bouncepro-faltbare-trampolin-mit-verstellbarem-handlauf","status":"publish","type":"product","link":"https:\/\/smania.store\/de\/produkt\/bouncepro-faltbare-trampolin-mit-verstellbarem-handlauf\/","title":{"rendered":"BouncePro\u2122 faltbare Trampolin mit verstellbarem Handlauf"},"content":{"rendered":"<div class=\"smania_landing_description_title\">NEU: Verbessern Sie Ihr Trainingsprogramm<\/div>\n<div class=\"smania_landing_description_txt\">Richte es schnell ein, springe noch schneller!<\/div>\n<div class=\"smania_landing_description_subtitle\"> Mach deine Home-Workouts mit dem BouncePro\u2122 noch intensiver! Entwickelt f\u00fcr sicheres, hochintensives Training, verbessert es Ausdauer, Gleichgewicht und Kraft \u2013 und schafft so eine kompakte Fitnesszone f\u00fcr alle Altersgruppen.<\/div>\n<div class=\"smania_landing_description_list\">\n<ul>\n<li>Faltbares Design f\u00fcr eine einfache Lagerung <\/li>\n<li>Verstellbare Armlehnen f\u00fcr zus\u00e4tzliche Sicherheit <\/li>\n<li>Reduziert Gelenkbelastungen durch sanfte Federung <\/li>\n<li>Ger\u00e4uschlose Gummipads sorgen f\u00fcr Ruhe <\/li>\n<li>Unterst\u00fctzt Indoor- und Outdoor-Training <\/li>\n<li>Robuster Stahlrahmen mit pr\u00e4ziser Balance<\/li>\n<\/ul><\/div>\n","protected":false},"excerpt":{"rendered":"<p>Kalorien mit jedem Sprung verbrennen |Sorgt f\u00fcr ein ruhiges, entspanntes Training |Kratzfestes, langlebiges Material |F\u00f6rdert m\u00fchelos das Muskelwachstum|Tragf\u00e4higkeit: bis zu 250 kg |Abmessungen: 100 x 92-115 cm |Beinh\u00f6he: 22 cm |Material: PP-Springstoff, Polyestergewebe, weicher Gummi, verst\u00e4rkte Stahlrohre<\/p>\n","protected":false},"featured_media":42300,"template":"","meta":[],"product_cat":[21],"product_tag":[2032],"acf":[],"_links":{"self":[{"href":"https:\/\/smania.store\/de\/wp-json\/wp\/v2\/product\/42189"}],"collection":[{"href":"https:\/\/smania.store\/de\/wp-json\/wp\/v2\/product"}],"about":[{"href":"https:\/\/smania.store\/de\/wp-json\/wp\/v2\/types\/product"}],"wp:featuredmedia":[{"embeddable":true,"href":"https:\/\/smania.store\/de\/wp-json\/wp\/v2\/media\/42300"}],"wp:attachment":[{"href":"https:\/\/smania.store\/de\/wp-json\/wp\/v2\/media?parent=42189"}],"wp:term":[{"taxonomy":"product_cat","embeddable":true,"href":"https:\/\/smania.store\/de\/wp-json\/wp\/v2\/product_cat?post=42189"},{"taxonomy":"product_tag","embeddable":true,"href":"https:\/\/smania.store\/de\/wp-json\/wp\/v2\/product_tag?post=42189"}],"curies":[{"name":"wp","href":"https:\/\/api.w.org\/{rel}","templated":true}]}}