{"id":42128,"date":"2026-04-15T12:25:02","date_gmt":"2026-04-15T10:25:02","guid":{"rendered":"https:\/\/smania.store\/de\/produkt\/kiddorider-elektrisches-kinder-dreirad\/"},"modified":"2026-04-15T12:25:15","modified_gmt":"2026-04-15T10:25:15","slug":"kiddorider-elektrisches-kinder-dreirad","status":"publish","type":"product","link":"https:\/\/smania.store\/de\/produkt\/kiddorider-elektrisches-kinder-dreirad\/","title":{"rendered":"KiddoRider\u2122 elektrisches Kinder-Dreirad"},"content":{"rendered":"<div class=\"smania_landing_description_title\">NEU: Ultimatives Ride-On Abenteuer<\/div>\n<div class=\"smania_landing_description_txt\">Lass deinen kleinen Fahrer die Stra\u00dfe erobern!<\/div>\n<div class=\"smania_landing_description_subtitle\">Entwickelt f\u00fcr furchtlose kleine Fahrer, bietet das KiddoRider\u2122 Elektro-Dreirad solide Stabilit\u00e4t, eleganten Stil und sanfte Power f\u00fcr t\u00e4gliche Abenteuer.<\/div>\n<div class=\"smania_landing_description_list\">\n<ul>\n<li>Ermutigt zu aktivem Spiel im Freien <\/li>\n<li>St\u00e4rkt die motorischen F\u00e4higkeiten und die Koordination <\/li>\n<li>Helle LED-Leuchten f\u00fcr bessere Sichtbarkeit <\/li>\n<li>Musik und MP3 f\u00fcr p\u00e4dagogischen Spa\u00df <\/li>\n<li>Robuste 50 cm breite Reifen f\u00fcr Stabilit\u00e4t<\/li>\n<\/ul><\/div>\n","protected":false},"excerpt":{"rendered":"<p>Atemberaubende rot\/blaue Farben fesseln |Hochwertiger Kunststoff sorgt f\u00fcr Langlebigkeit |Einfache Ein-Tasten-Bedienung |F\u00f6rdert fantasievolle Abenteuer|Abmessungen: 92 x 56 x 50 cm |Geeignetes Alter: 1-8 Jahre |Maximale Traglast: 50 kg |Batterie: Wiederaufladbare 6V 7Ah Batterie<\/p>\n","protected":false},"featured_media":42117,"template":"","meta":[],"product_cat":[17,23],"product_tag":[1490,2065],"acf":[],"_links":{"self":[{"href":"https:\/\/smania.store\/de\/wp-json\/wp\/v2\/product\/42128"}],"collection":[{"href":"https:\/\/smania.store\/de\/wp-json\/wp\/v2\/product"}],"about":[{"href":"https:\/\/smania.store\/de\/wp-json\/wp\/v2\/types\/product"}],"wp:featuredmedia":[{"embeddable":true,"href":"https:\/\/smania.store\/de\/wp-json\/wp\/v2\/media\/42117"}],"wp:attachment":[{"href":"https:\/\/smania.store\/de\/wp-json\/wp\/v2\/media?parent=42128"}],"wp:term":[{"taxonomy":"product_cat","embeddable":true,"href":"https:\/\/smania.store\/de\/wp-json\/wp\/v2\/product_cat?post=42128"},{"taxonomy":"product_tag","embeddable":true,"href":"https:\/\/smania.store\/de\/wp-json\/wp\/v2\/product_tag?post=42128"}],"curies":[{"name":"wp","href":"https:\/\/api.w.org\/{rel}","templated":true}]}}