{"id":41924,"date":"2026-03-20T09:59:56","date_gmt":"2026-03-20T08:59:56","guid":{"rendered":"https:\/\/smania.store\/de\/produkt\/kitchentower-dreistufiges-mikrowellenregal\/"},"modified":"2026-03-20T10:00:15","modified_gmt":"2026-03-20T09:00:15","slug":"kitchentower-dreistufiges-mikrowellenregal","status":"publish","type":"product","link":"https:\/\/smania.store\/de\/produkt\/kitchentower-dreistufiges-mikrowellenregal\/","title":{"rendered":"KitchenTower\u2122 dreistufiges Mikrowellenregal"},"content":{"rendered":"<div class=\"smania_landing_description_title\">NEU, organisiere es stilvoll!<\/div>\n<div class=\"smania_landing_description_txt\">Machen Sie Ihre K\u00fcche funktionaler und gewinnen Sie dreimal mehr Platz!<\/div>\n<div class=\"smania_landing_description_subtitle\">Dieser vielseitige Lagerturm l\u00f6st Platzprobleme und bewahrt gleichzeitig Eleganz!<\/div>\n<div class=\"smania_landing_description_list\">\n<ul>\n<li>Ger\u00e4umiger Stauraum: drei Ebenen <\/li>\n<li>Robuste Materialien, hochwertiges MDF <\/li>\n<li>Modernes Design f\u00fcr jeden Stil <\/li>\n<li>Vielseitige Nutzung f\u00fcr alle Bed\u00fcrfnisse <\/li>\n<li>Einfache und schnelle Montage und Reinigung <\/li>\n<li>Kompakte Abmessungen f\u00fcr platzsparende Aufstellung<\/li>\n<\/ul><\/div>\n","protected":false},"excerpt":{"rendered":"<p>Passt in jeden Raum |Unterst\u00fctzt Mikrowellen und Gew\u00fcrze |Intelligente K\u00fcchenorganisation |Kompatibel mit allen Einrichtungsstilen|Farbe: dunkelbraun\/hellbraun |Abmessungen: 68 cm x 37 cm x 54 cm |Kratzfest |Artikelgewicht: 0,5 kg<\/p>\n","protected":false},"featured_media":41913,"template":"","meta":[],"product_cat":[16,223],"product_tag":[1519],"acf":[],"_links":{"self":[{"href":"https:\/\/smania.store\/de\/wp-json\/wp\/v2\/product\/41924"}],"collection":[{"href":"https:\/\/smania.store\/de\/wp-json\/wp\/v2\/product"}],"about":[{"href":"https:\/\/smania.store\/de\/wp-json\/wp\/v2\/types\/product"}],"wp:featuredmedia":[{"embeddable":true,"href":"https:\/\/smania.store\/de\/wp-json\/wp\/v2\/media\/41913"}],"wp:attachment":[{"href":"https:\/\/smania.store\/de\/wp-json\/wp\/v2\/media?parent=41924"}],"wp:term":[{"taxonomy":"product_cat","embeddable":true,"href":"https:\/\/smania.store\/de\/wp-json\/wp\/v2\/product_cat?post=41924"},{"taxonomy":"product_tag","embeddable":true,"href":"https:\/\/smania.store\/de\/wp-json\/wp\/v2\/product_tag?post=41924"}],"curies":[{"name":"wp","href":"https:\/\/api.w.org\/{rel}","templated":true}]}}