{"id":41833,"date":"2026-02-27T09:53:10","date_gmt":"2026-02-27T08:53:10","guid":{"rendered":"https:\/\/smania.store\/de\/produkt\/fluffhut-plueschhaustierbett\/"},"modified":"2026-02-27T09:53:10","modified_gmt":"2026-02-27T08:53:10","slug":"fluffhut-plueschhaustierbett","status":"publish","type":"product","link":"https:\/\/smania.store\/de\/produkt\/fluffhut-plueschhaustierbett\/","title":{"rendered":"FluffHut\u2122 Pl\u00fcschhaustierbett"},"content":{"rendered":"<div class=\"smania_landing_description_title\">NEU, Ultimativer Komfort f\u00fcr Ihr Haustier<\/div>\n<div class=\"smania_landing_description_txt\">Das Gem\u00fctlichste Versteck, das Ihr Haustier je lieben wird!<\/div>\n<div class=\"smania_landing_description_subtitle\">Geben Sie Ihrem Haustier einen warmen und sicheren R\u00fcckzugsort mit FluffHut\u2122, dem samtweichen Betthaus, das f\u00fcr ganzj\u00e4hrigen Komfort entworfen wurde. Weiche, abnehmbare und waschbare Teile machen es zum perfekten Indoor-Zufluchtsort f\u00fcr Katzen und kleine Hunde.<\/div>\n<div class=\"smania_landing_description_list\">\n<ul>\n<li>Weiches und Gem\u00fctliches Interieur \u2013 Pl\u00fcschstoff bietet einen warmen, beruhigenden Raum f\u00fcr Haustiere zum Ausruhen <\/li>\n<li>Abnehmbares Dach \u2013 Einfach zu \u00f6ffnen, zu reinigen und wieder zusammenzubauen f\u00fcr anhaltende Frische <\/li>\n<li>Waschbares Kissen und Materialien \u2013 H\u00e4lt den Schlafbereich hygienisch mit m\u00fcheloser Pflege <\/li>\n<li>Faltbares und Tragbares Design \u2013 L\u00e4sst sich flach zusammenfalten f\u00fcr bequeme Lagerung oder Reisen zwischen den R\u00e4umen <\/li>\n<li>Stabile Rutschfeste Basis \u2013 Sorgt daf\u00fcr, dass das Haus an Ort und Stelle bleibt, wenn Haustiere eintreten oder sich darin bewegen<\/li>\n<\/ul><\/div>\n","protected":false},"excerpt":{"rendered":"<p>Abnehmbares Dach f\u00fcr einfache Reinigung |Weicher waschbarer Kissen |Klappbar, leicht zu verstauen |Stabile rutschfeste Basis|Gr\u00f6\u00dfe: 45 \u00d7 40 \u00d7 45 cm |Aufbau: 3-teiliges Design (Au\u00dfenrahmen, abnehmbares Dach, waschbares Kissen) |Material: Pl\u00fcschstoff mit rutschfester Unterseite |Verwendung: Geeignet f\u00fcr Wohnungskatzen und kleine Hunderassen<\/p>\n","protected":false},"featured_media":41819,"template":"","meta":[],"product_cat":[20],"product_tag":[],"acf":[],"_links":{"self":[{"href":"https:\/\/smania.store\/de\/wp-json\/wp\/v2\/product\/41833"}],"collection":[{"href":"https:\/\/smania.store\/de\/wp-json\/wp\/v2\/product"}],"about":[{"href":"https:\/\/smania.store\/de\/wp-json\/wp\/v2\/types\/product"}],"wp:featuredmedia":[{"embeddable":true,"href":"https:\/\/smania.store\/de\/wp-json\/wp\/v2\/media\/41819"}],"wp:attachment":[{"href":"https:\/\/smania.store\/de\/wp-json\/wp\/v2\/media?parent=41833"}],"wp:term":[{"taxonomy":"product_cat","embeddable":true,"href":"https:\/\/smania.store\/de\/wp-json\/wp\/v2\/product_cat?post=41833"},{"taxonomy":"product_tag","embeddable":true,"href":"https:\/\/smania.store\/de\/wp-json\/wp\/v2\/product_tag?post=41833"}],"curies":[{"name":"wp","href":"https:\/\/api.w.org\/{rel}","templated":true}]}}