{"id":41814,"date":"2026-02-27T09:51:25","date_gmt":"2026-02-27T08:51:25","guid":{"rendered":"https:\/\/smania.store\/de\/produkt\/fluffybox-boxfoermiges-pluesch-katzenbett\/"},"modified":"2026-02-27T09:51:37","modified_gmt":"2026-02-27T08:51:37","slug":"fluffybox-boxfoermiges-pluesch-katzenbett","status":"publish","type":"product","link":"https:\/\/smania.store\/de\/produkt\/fluffybox-boxfoermiges-pluesch-katzenbett\/","title":{"rendered":"FluffyBox\u2122 boxf\u00f6rmiges Pl\u00fcsch-Katzenbett"},"content":{"rendered":"<div class=\"smania_landing_description_title\">NEU: Multigeschwindigkeit Spa\u00df &amp; saubere Energie<\/div>\n<div class=\"smania_landing_description_txt\">Die gem\u00fctlichste Snack-Box f\u00fcr Katzen, in die Ihre Katze je steigen wird!<\/div>\n<div class=\"smania_landing_description_subtitle\">H\u00fcllen Sie Ihre Katze in W\u00e4rme und Komfort mit FluffyBox\u2122, dem pl\u00fcschigen Bett im Box-Stil, inspiriert von Snackbox-Designs. Weich, gesch\u00fctzte und beruhigend bietet es Haustieren einen privaten R\u00fcckzugsort, wo sie sich das ganze Jahr \u00fcber sicher, entspannt und wohl f\u00fchlen.<\/div>\n<div class=\"smania_landing_description_list\">\n<ul>\n<li>Warmes &amp; Beruhigendes R\u00fcckzugsgebiet \u2013 Weiche, pl\u00fcschige W\u00e4nde und eine gem\u00fctliche F\u00fcllung schaffen einen beruhigenden Raum, in dem Katzen sich sicher und entspannt f\u00fchlen <\/li>\n<li>Niedliches Box-inspiriertes Design \u2013 Der lustige Snack-Box-Stil macht dieses Bett sowohl s\u00fc\u00df als auch dekorativ in jedem Raum <\/li>\n<li>Komfort f\u00fcr alle Jahreszeiten \u2013 Speziell behandeltes F\u00fcllmaterial bleibt im Winter warm und im Sommer angenehm k\u00fchl <\/li>\n<li>Hautfreundlich &amp; Langlebig \u2013 Hergestellt aus weichem, atmungsaktivem Pl\u00fcsch, der sanft zu den Pfoten ist und langlebig bleibt <\/li>\n<li>Abnehmbar &amp; Pflegeleicht \u2013 Leichtes Design mit abnehmbaren Komponenten macht Reinigung und Aufbewahrung m\u00fchelos<\/li>\n<\/ul><\/div>\n","protected":false},"excerpt":{"rendered":"<p>Warmes, beruhigendes Pl\u00fcsch-Innenleben |Niedlicher Snack-Box-Look |Weich und haustierfreundlich |Einfach zu reinigen|Variationen: Blau \/ Rot |Gr\u00f6\u00dfe: L \u2013 55 \u00d7 45 \u00d7 20 cm |Material: Weicher Pl\u00fcschstoff + st\u00fctzende F\u00fcllung |Design: Kastenform, geschlossen, abnehmbare Teile<\/p>\n","protected":false},"featured_media":41801,"template":"","meta":[],"product_cat":[20],"product_tag":[],"acf":[],"_links":{"self":[{"href":"https:\/\/smania.store\/de\/wp-json\/wp\/v2\/product\/41814"}],"collection":[{"href":"https:\/\/smania.store\/de\/wp-json\/wp\/v2\/product"}],"about":[{"href":"https:\/\/smania.store\/de\/wp-json\/wp\/v2\/types\/product"}],"wp:featuredmedia":[{"embeddable":true,"href":"https:\/\/smania.store\/de\/wp-json\/wp\/v2\/media\/41801"}],"wp:attachment":[{"href":"https:\/\/smania.store\/de\/wp-json\/wp\/v2\/media?parent=41814"}],"wp:term":[{"taxonomy":"product_cat","embeddable":true,"href":"https:\/\/smania.store\/de\/wp-json\/wp\/v2\/product_cat?post=41814"},{"taxonomy":"product_tag","embeddable":true,"href":"https:\/\/smania.store\/de\/wp-json\/wp\/v2\/product_tag?post=41814"}],"curies":[{"name":"wp","href":"https:\/\/api.w.org\/{rel}","templated":true}]}}