{"id":41749,"date":"2026-02-13T07:21:53","date_gmt":"2026-02-13T06:21:53","guid":{"rendered":"https:\/\/smania.store\/de\/produkt\/chopzone-vielseitiges-bambus-schneidebrett-set\/"},"modified":"2026-02-13T07:21:53","modified_gmt":"2026-02-13T06:21:53","slug":"chopzone-vielseitiges-bambus-schneidebrett-set","status":"publish","type":"product","link":"https:\/\/smania.store\/de\/produkt\/chopzone-vielseitiges-bambus-schneidebrett-set\/","title":{"rendered":"ChopZone\u2122 vielseitiges Bambus-Schneidebrett-Set"},"content":{"rendered":"<div class=\"smania_landing_description_title\">NEU: Revolution der m\u00fchelosen Essensvorbereitung<\/div>\n<div class=\"smania_landing_description_txt\">Praktisch, stilvoll und perfekt f\u00fcr den Alltag!<\/div>\n<div class=\"smania_landing_description_subtitle\">Entdecken Sie die ultimative L\u00f6sung f\u00fcr die Essensvorbereitung mit dem ChopZone-Set! Dieses 4-teilige Bambusbrett-Set, kombiniert mit einem eleganten Aufbewahrungsregal, bringt Stil und Praktikabilit\u00e4t in Ihre K\u00fcche. Es ist das unverzichtbare Set f\u00fcr den t\u00e4glichen Gebrauch oder das perfekte Geschenk, um zu beeindrucken!<\/div>\n<div class=\"smania_landing_description_list\">\n<ul>\n<li>Eleganter Stauraum \u2014 h\u00e4lt Ihre K\u00fcche organisiert und aufger\u00e4umt <\/li>\n<li>4-teiliges Set \u2014 enth\u00e4lt mehrere Bambusschneidebretter f\u00fcr vielseitige Verwendung <\/li>\n<li>Robustes Bambusmaterial \u2014 umweltfreundlich und langlebig f\u00fcr den t\u00e4glichen Gebrauch <\/li>\n<li>Praktisch und stilvoll \u2014 vereint Funktionalit\u00e4t mit einem eleganten Design <\/li>\n<li>Perfekt f\u00fcr den t\u00e4glichen Gebrauch \u2014 ideal f\u00fcr die Essensvorbereitung, das Schneiden und Servieren <\/li>\n<li>Tolle Geschenkidee \u2014 ein durchdachtes und funktionales Geschenk f\u00fcr jeden K\u00fcchenliebhaber<\/li>\n<\/ul><\/div>\n","protected":false},"excerpt":{"rendered":"<p>Material: langlebiges Bambus, strapazierf\u00e4hig, perfekt f\u00fcr den t\u00e4glichen Gebrauch |Verwendung: Ideal f\u00fcr die Zubereitung von Mahlzeiten, Schneiden und Servieren |Pflege: Geruchsresistent, schnelltrocknend |L\u00f6sungen zur Aufbewahrung: Eleganter, platzsparender Aufbewahrungsregal |Design: Modern und stilvoll, erg\u00e4nzt jede K\u00fccheneinrichtung|Abmessungen: 28,5 x 20,5 x 6,5 cm |Inklusive: 4 Bretter (Fischbrett, 2x Fleischbrett, Gem\u00fcsebrett) |Material: Bambus |Reinigung: Leicht zu reinigen: Handw\u00e4sche empfohlen |Haltbarkeit: Kratzfest und langlebig<\/p>\n","protected":false},"featured_media":41737,"template":"","meta":[],"product_cat":[16,223],"product_tag":[],"acf":[],"_links":{"self":[{"href":"https:\/\/smania.store\/de\/wp-json\/wp\/v2\/product\/41749"}],"collection":[{"href":"https:\/\/smania.store\/de\/wp-json\/wp\/v2\/product"}],"about":[{"href":"https:\/\/smania.store\/de\/wp-json\/wp\/v2\/types\/product"}],"wp:featuredmedia":[{"embeddable":true,"href":"https:\/\/smania.store\/de\/wp-json\/wp\/v2\/media\/41737"}],"wp:attachment":[{"href":"https:\/\/smania.store\/de\/wp-json\/wp\/v2\/media?parent=41749"}],"wp:term":[{"taxonomy":"product_cat","embeddable":true,"href":"https:\/\/smania.store\/de\/wp-json\/wp\/v2\/product_cat?post=41749"},{"taxonomy":"product_tag","embeddable":true,"href":"https:\/\/smania.store\/de\/wp-json\/wp\/v2\/product_tag?post=41749"}],"curies":[{"name":"wp","href":"https:\/\/api.w.org\/{rel}","templated":true}]}}