{"id":41621,"date":"2026-01-26T05:30:20","date_gmt":"2026-01-26T04:30:20","guid":{"rendered":"https:\/\/smania.store\/de\/produkt\/motodoctor-hochwirksamer-motorenschutz-325-ml\/"},"modified":"2026-01-26T05:30:20","modified_gmt":"2026-01-26T04:30:20","slug":"motodoctor-hochwirksamer-motorenschutz-325-ml","status":"publish","type":"product","link":"https:\/\/smania.store\/de\/produkt\/motodoctor-hochwirksamer-motorenschutz-325-ml\/","title":{"rendered":"MotoDoctor\u2122 Hochwirksamer Motorenschutz (325 ml)"},"content":{"rendered":"<div class=\"smania_landing_description_title\">NEU: Sch\u00fctze den Herzschlag deines Motors<\/div>\n<div class=\"smania_landing_description_txt\">Langfristiger Schutz f\u00fcr wichtige Motorenteile<\/div>\n<div class=\"smania_landing_description_subtitle\">Entfalten Sie das wahre Potenzial Ihres Fahrzeugs mit Anti-WearAgent\u2122. Entwickelt, um die lebenswichtigen Komponenten Ihres Motors zu umh\u00fcllen, schafft diese L\u00f6sung eine unvergleichliche Barriere gegen Reibung und Verschlei\u00df, sodass jede Fahrt reibungsloser und effizienter ist als die vorherige.<\/div>\n<div class=\"smania_landing_description_list\">\n<ul>\n<li>Stellt einen ruhigen Motorlauf wieder her \u2013 Reduziert Reibung und Motorger\u00e4usche<\/li>\n<li>Einfache Anwendung \u2013 Direkt in die \u00d6leinf\u00fcll\u00f6ffnung geben<\/li>\n<li>Sch\u00fctzt vor Verschlei\u00df \u2013 Bildet einen sch\u00fctzenden Schmierfilm<\/li>\n<li>Reduziert den \u00d6lverbrauch \u2013 Verbessert die Abdichtung der Motorkomponenten<\/li>\n<li>Verl\u00e4ngert die \u00d6lstandzeit \u2013 Erh\u00e4lt die Leistungsf\u00e4higkeit l\u00e4nger<\/li>\n<li>Dosierverh\u00e4ltnis \u2013 325 ml f\u00fcr bis zu 6 L Motor\u00f6l<\/li>\n<\/ul><\/div>\n","protected":false},"excerpt":{"rendered":"<p>Sch\u00fctzt wichtige Motorenteile|Sorgt f\u00fcr ein angenehmeres Fahrerlebnis|Reduziert die W\u00e4rme f\u00fcr eine l\u00e4ngere Lebensdauer des Motors|Aussehen: Klare bis leicht bernsteinfarbene Fl\u00fcssigkeit|Fl\u00fcssigkeitsvolumen: 325 ml|Dichte: ~0,85 g\/cm\u00b3 bei 20 \u00b0C|Z\u00fcndpunkt: &gt;200 \u00b0C|Dosierungsverh\u00e4ltnis: 325 ml pro 6 L \u00d6l<\/p>\n","protected":false},"featured_media":41607,"template":"","meta":[],"product_cat":[18,2568],"product_tag":[2572],"acf":[],"_links":{"self":[{"href":"https:\/\/smania.store\/de\/wp-json\/wp\/v2\/product\/41621"}],"collection":[{"href":"https:\/\/smania.store\/de\/wp-json\/wp\/v2\/product"}],"about":[{"href":"https:\/\/smania.store\/de\/wp-json\/wp\/v2\/types\/product"}],"wp:featuredmedia":[{"embeddable":true,"href":"https:\/\/smania.store\/de\/wp-json\/wp\/v2\/media\/41607"}],"wp:attachment":[{"href":"https:\/\/smania.store\/de\/wp-json\/wp\/v2\/media?parent=41621"}],"wp:term":[{"taxonomy":"product_cat","embeddable":true,"href":"https:\/\/smania.store\/de\/wp-json\/wp\/v2\/product_cat?post=41621"},{"taxonomy":"product_tag","embeddable":true,"href":"https:\/\/smania.store\/de\/wp-json\/wp\/v2\/product_tag?post=41621"}],"curies":[{"name":"wp","href":"https:\/\/api.w.org\/{rel}","templated":true}]}}