{"id":41606,"date":"2026-01-23T07:53:03","date_gmt":"2026-01-23T06:53:03","guid":{"rendered":"https:\/\/smania.store\/de\/produkt\/lotionshelf-saugnapf-duschlotionregal\/"},"modified":"2026-01-23T07:53:03","modified_gmt":"2026-01-23T06:53:03","slug":"lotionshelf-saugnapf-duschlotionregal","status":"publish","type":"product","link":"https:\/\/smania.store\/de\/produkt\/lotionshelf-saugnapf-duschlotionregal\/","title":{"rendered":"LotionShelf\u2122 Saugnapf-Duschlotionregal"},"content":{"rendered":"<div class=\"smania_landing_description_title\">NEU: M\u00fchelose Sofortige Wandorganisation<\/div>\n<div class=\"smania_landing_description_txt\">Sofortige Wandlagerung, null Aufwand!<\/div>\n<div class=\"smania_landing_description_subtitle\">Verabschieden Sie sich von Werkzeugen und komplizierten Installationen mit LotionShelf\u2122! Verwandeln Sie Ihr Badezimmer m\u00fchelos in ein organisiertes Paradies \u2013 ganz ohne Bohren, ohne Sch\u00e4den und ohne Aufwand. Einfach drehen, um zu verriegeln, und genie\u00dfen Sie sofort starken Halt und modernes Design.<\/div>\n<div class=\"smania_landing_description_list\">\n<ul>\n<li>Schafft sofort zus\u00e4tzlichen Platz <\/li>\n<li>Keine Werkzeuge oder Bohren erforderlich <\/li>\n<li>Zus\u00e4tzliche 7 Haken f\u00fcr Handt\u00fccher und Zubeh\u00f6r <\/li>\n<li>M\u00fchelose Anpassungsf\u00e4higkeit und Tragbarkeit <\/li>\n<li>Einfach zu reinigen, fleckenresistente Oberfl\u00e4che <\/li>\n<li>Unglaubliche Tragf\u00e4higkeit<\/li>\n<\/ul><\/div>\n","protected":false},"excerpt":{"rendered":"<p>Revolution\u00e4re lochfreie Installation |Ideal f\u00fcr feuchte Umgebungen |Perfekt f\u00fcr kleine Badezimmer |Keine Wandspuren nach der Benutzung|Farbe: Silber |Zus\u00e4tzliche 7 Haken |Tragf\u00e4higkeit: bis zu 30 kg |Abmessungen: 50 x 13,8 x 10 cm<\/p>\n","protected":false},"featured_media":41594,"template":"","meta":[],"product_cat":[16],"product_tag":[1556],"acf":[],"_links":{"self":[{"href":"https:\/\/smania.store\/de\/wp-json\/wp\/v2\/product\/41606"}],"collection":[{"href":"https:\/\/smania.store\/de\/wp-json\/wp\/v2\/product"}],"about":[{"href":"https:\/\/smania.store\/de\/wp-json\/wp\/v2\/types\/product"}],"wp:featuredmedia":[{"embeddable":true,"href":"https:\/\/smania.store\/de\/wp-json\/wp\/v2\/media\/41594"}],"wp:attachment":[{"href":"https:\/\/smania.store\/de\/wp-json\/wp\/v2\/media?parent=41606"}],"wp:term":[{"taxonomy":"product_cat","embeddable":true,"href":"https:\/\/smania.store\/de\/wp-json\/wp\/v2\/product_cat?post=41606"},{"taxonomy":"product_tag","embeddable":true,"href":"https:\/\/smania.store\/de\/wp-json\/wp\/v2\/product_tag?post=41606"}],"curies":[{"name":"wp","href":"https:\/\/api.w.org\/{rel}","templated":true}]}}