{"id":41593,"date":"2026-01-23T07:38:49","date_gmt":"2026-01-23T06:38:49","guid":{"rendered":"https:\/\/smania.store\/de\/produkt\/doorfit-klimmzugstange-fuer-tuerrahmen\/"},"modified":"2026-01-23T07:38:49","modified_gmt":"2026-01-23T06:38:49","slug":"doorfit-klimmzugstange-fuer-tuerrahmen","status":"publish","type":"product","link":"https:\/\/smania.store\/de\/produkt\/doorfit-klimmzugstange-fuer-tuerrahmen\/","title":{"rendered":"DoorFit\u2122 Klimmzugstange f\u00fcr T\u00fcrrahmen"},"content":{"rendered":"<div class=\"smania_landing_description_title\">NEU! Ultimative Heimfitnessl\u00f6sung<\/div>\n<div class=\"smania_landing_description_txt\">Werde fit, ohne das Haus zu verlassen<\/div>\n<div class=\"smania_landing_description_subtitle\">Entfessle dein volles Potenzial mit dem DoorFit\u2122! Erleichtere dein Workout und erreiche ungeahnte St\u00e4rke mit einer einfachen Erg\u00e4nzung f\u00fcr jeden Standard-T\u00fcrrahmen. Keine Schrauben, kein Schaden, nur pure Kraft \u2013 denn deine Leidenschaft f\u00fcr Fitness verdient Perfektion!<\/div>\n<div class=\"smania_landing_description_list\">\n<ul>\n<li>Unterst\u00fctzt intensive Workouts <\/li>\n<li>Keine Werkzeuge f\u00fcr die Einrichtung erforderlich <\/li>\n<li>Sichere, rutschfeste Schaumstoffgriffe <\/li>\n<li>Verbessern Sie Ihre Workouts mit robustem Design <\/li>\n<li>Tragbar f\u00fcr vielseitige \u00dcbungen <\/li>\n<li>Schnelle, besch\u00e4digungsfreie Installation<\/li>\n<\/ul><\/div>\n","protected":false},"excerpt":{"rendered":"<p>Innovative wackelfreie Technik |Professionelle Muskelaufbau-Qualit\u00e4t |Ideal f\u00fcr Klimmz\u00fcge und Liegest\u00fctze |Bequeme, extra breite Griffe|Verstellbare Stangenh\u00f6he |Stangenl\u00e4nge: 101,6 cm |Unterst\u00fctzung: bis zu 300 kg |Passt f\u00fcr T\u00fcren: Breite 70-90 cm, Tiefe 12-24 cm<\/p>\n","protected":false},"featured_media":41580,"template":"","meta":[],"product_cat":[21],"product_tag":[],"acf":[],"_links":{"self":[{"href":"https:\/\/smania.store\/de\/wp-json\/wp\/v2\/product\/41593"}],"collection":[{"href":"https:\/\/smania.store\/de\/wp-json\/wp\/v2\/product"}],"about":[{"href":"https:\/\/smania.store\/de\/wp-json\/wp\/v2\/types\/product"}],"wp:featuredmedia":[{"embeddable":true,"href":"https:\/\/smania.store\/de\/wp-json\/wp\/v2\/media\/41580"}],"wp:attachment":[{"href":"https:\/\/smania.store\/de\/wp-json\/wp\/v2\/media?parent=41593"}],"wp:term":[{"taxonomy":"product_cat","embeddable":true,"href":"https:\/\/smania.store\/de\/wp-json\/wp\/v2\/product_cat?post=41593"},{"taxonomy":"product_tag","embeddable":true,"href":"https:\/\/smania.store\/de\/wp-json\/wp\/v2\/product_tag?post=41593"}],"curies":[{"name":"wp","href":"https:\/\/api.w.org\/{rel}","templated":true}]}}