{"id":41357,"date":"2026-01-06T12:54:49","date_gmt":"2026-01-06T11:54:49","guid":{"rendered":"https:\/\/smania.store\/de\/produkt\/safepaws-wetterfeste-katzenschutzunterkunft-fuer-den-aussenbereich\/"},"modified":"2026-01-06T12:54:49","modified_gmt":"2026-01-06T11:54:49","slug":"safepaws-wetterfeste-katzenschutzunterkunft-fuer-den-aussenbereich","status":"publish","type":"product","link":"https:\/\/smania.store\/de\/produkt\/safepaws-wetterfeste-katzenschutzunterkunft-fuer-den-aussenbereich\/","title":{"rendered":"SafePaws\u2122 wetterfeste Katzenschutzunterkunft f\u00fcr den Au\u00dfenbereich"},"content":{"rendered":"<div class=\"smania_landing_description_title\">NEU: Bleiben Sie jederzeit warm und sicher<\/div>\n<div class=\"smania_landing_description_txt\">Gestalte das ultimative Outdoor-Paradies f\u00fcr deine pelzigen Freunde!<\/div>\n<div class=\"smania_landing_description_subtitle\"> Wir pr\u00e4sentieren das SafePaws\u2122, das ultimative Refugium f\u00fcr Ihren geliebten Katzenfreund. Dieses Katzenhaus f\u00fcr den Au\u00dfenbereich wurde mit Blick auf Komfort und Sicherheit entworfen. Es ist perfekt f\u00fcr jeden Tierhalter, der Ruhe und Sicherheit sch\u00e4tzt, da er wei\u00df, dass sein pelziger Begleiter rund um die Uhr gem\u00fctlich und gesch\u00fctzt ist.<\/div>\n<div class=\"smania_landing_description_list\">\n<ul>\n<li>Wetterfestes Wunder: Premium 6-Lagen-Isolierung <\/li>\n<li>Sicher &amp; Gesch\u00fctzt: Doppelausg\u00e4nge f\u00fcr schnellen Ausstieg <\/li>\n<li>Ultimative W\u00e4rme: Inklusive UL-getesteter Heizmatte <\/li>\n<li>Erh\u00f6htes Design: Bleibt trocken auf schlammigem Boden <\/li>\n<li>M\u00fchelose Einrichtung: Keine Werkzeuge erforderlich!<\/li>\n<\/ul><\/div>\n","protected":false},"excerpt":{"rendered":"<p>Perfekt f\u00fcr den Innen- und Au\u00dfenbereich |Flammhemmendes, Bei\u00dffestes Kabel |Wetterfest f\u00fcr ganzj\u00e4hrige Nutzung |Raubtier-sicheres Design mit zwei Ausg\u00e4ngen|Abmessungen: 65 x 42 x 45 cm |Farbe: Schwarzes Camouflage |Material: 900D Oxford-Gewebe |Besondere Merkmale: \u200eLeicht zu reinigen, Einfach zu bedienen, Heizung, Wasserdicht, Winddicht<\/p>\n","protected":false},"featured_media":41345,"template":"","meta":[],"product_cat":[20],"product_tag":[],"acf":[],"_links":{"self":[{"href":"https:\/\/smania.store\/de\/wp-json\/wp\/v2\/product\/41357"}],"collection":[{"href":"https:\/\/smania.store\/de\/wp-json\/wp\/v2\/product"}],"about":[{"href":"https:\/\/smania.store\/de\/wp-json\/wp\/v2\/types\/product"}],"wp:featuredmedia":[{"embeddable":true,"href":"https:\/\/smania.store\/de\/wp-json\/wp\/v2\/media\/41345"}],"wp:attachment":[{"href":"https:\/\/smania.store\/de\/wp-json\/wp\/v2\/media?parent=41357"}],"wp:term":[{"taxonomy":"product_cat","embeddable":true,"href":"https:\/\/smania.store\/de\/wp-json\/wp\/v2\/product_cat?post=41357"},{"taxonomy":"product_tag","embeddable":true,"href":"https:\/\/smania.store\/de\/wp-json\/wp\/v2\/product_tag?post=41357"}],"curies":[{"name":"wp","href":"https:\/\/api.w.org\/{rel}","templated":true}]}}