{"id":41158,"date":"2025-12-09T07:47:31","date_gmt":"2025-12-09T06:47:31","guid":{"rendered":"https:\/\/smania.store\/de\/produkt\/littlefarmer-kinder-montessori-bauernhofbuch\/"},"modified":"2025-12-09T07:47:31","modified_gmt":"2025-12-09T06:47:31","slug":"littlefarmer-kinder-montessori-bauernhofbuch","status":"publish","type":"product","link":"https:\/\/smania.store\/de\/produkt\/littlefarmer-kinder-montessori-bauernhofbuch\/","title":{"rendered":"LittleFarmer\u2122 Kinder Montessori Bauernhofbuch"},"content":{"rendered":"<div class=\"smania_landing_description_title\">NEU: Entfache Vorstellungskraft &amp; Kreativit\u00e4t<\/div>\n<div class=\"smania_landing_description_txt\">Lernen, Spa\u00df und Abenteuer auf jeder Seite!<\/div>\n<div class=\"smania_landing_description_subtitle\"> Entdecken Sie die Magie des Landlebens mit dem LittleFarmer\u2122 Montessori-Buch f\u00fcr Kinder. Mit 20 spannenden Aktivit\u00e4ten f\u00f6rdert dieses Montessori-inspirierte Spielzeug Kreativit\u00e4t, motorische F\u00e4higkeiten und Lernen durch interaktive, landwirtschaftlich gestaltete Szenen. Perfekt f\u00fcr Kinder ab 1 Jahr, ist es eine unterhaltsame M\u00f6glichkeit, wichtige fr\u00fchkindliche Lernf\u00e4higkeiten zu entwickeln!<\/div>\n<div class=\"smania_landing_description_list\">\n<ul>\n<li>Interaktive Unterhaltung: 20 Aktivit\u00e4ten mit Bauernhof-Thema f\u00fcr kreatives Lernen <\/li>\n<li>Montessori-inspiriert: F\u00f6rdert die motorischen F\u00e4higkeiten und die Koordination <\/li>\n<li>Portabel: Kompakt und perfekt f\u00fcr Reisen <\/li>\n<li>Sicher &amp; Langlebig: Ungiftiger Stoff mit doppelter Naht <\/li>\n<li>Fesselnd: H\u00e4lt Kinder stundenlang mit praktischem Spiel besch\u00e4ftigt<\/li>\n<\/ul><\/div>\n","protected":false},"excerpt":{"rendered":"<p>Doppelt gen\u00e4ht f\u00fcr zus\u00e4tzliche Haltbarkeit |Ungiftige, geruchsneutrale Materialien |Regt die Fantasie und Neugier an |H\u00e4lt Kinder stundenlang besch\u00e4ftigt|Alter: F\u00fcr Kinder von 1-3 Jahren |Buch enth\u00e4lt: 10 Seiten, 20 Aktivit\u00e4ten |Gr\u00f6\u00dfe: 23,5 cm x 18,5 cm |Material: Ungiftiger Stoff, doppelt gen\u00e4ht<\/p>\n","protected":false},"featured_media":41146,"template":"","meta":[],"product_cat":[17],"product_tag":[1664,1520],"acf":[],"_links":{"self":[{"href":"https:\/\/smania.store\/de\/wp-json\/wp\/v2\/product\/41158"}],"collection":[{"href":"https:\/\/smania.store\/de\/wp-json\/wp\/v2\/product"}],"about":[{"href":"https:\/\/smania.store\/de\/wp-json\/wp\/v2\/types\/product"}],"wp:featuredmedia":[{"embeddable":true,"href":"https:\/\/smania.store\/de\/wp-json\/wp\/v2\/media\/41146"}],"wp:attachment":[{"href":"https:\/\/smania.store\/de\/wp-json\/wp\/v2\/media?parent=41158"}],"wp:term":[{"taxonomy":"product_cat","embeddable":true,"href":"https:\/\/smania.store\/de\/wp-json\/wp\/v2\/product_cat?post=41158"},{"taxonomy":"product_tag","embeddable":true,"href":"https:\/\/smania.store\/de\/wp-json\/wp\/v2\/product_tag?post=41158"}],"curies":[{"name":"wp","href":"https:\/\/api.w.org\/{rel}","templated":true}]}}