{"id":41145,"date":"2025-12-08T09:29:23","date_gmt":"2025-12-08T08:29:23","guid":{"rendered":"https:\/\/smania.store\/de\/produkt\/clipmunch-klappbarer-hochstuhl-fuer-babys-mit-tablett\/"},"modified":"2025-12-08T09:29:23","modified_gmt":"2025-12-08T08:29:23","slug":"clipmunch-klappbarer-hochstuhl-fuer-babys-mit-tablett","status":"publish","type":"product","link":"https:\/\/smania.store\/de\/produkt\/clipmunch-klappbarer-hochstuhl-fuer-babys-mit-tablett\/","title":{"rendered":"ClipMunch\u2122 klappbarer Hochstuhl f\u00fcr Babys mit Tablett"},"content":{"rendered":"<div class=\"smania_landing_description_title\">NEU: Dine Ease f\u00fcr Kleinkinder<\/div>\n<div class=\"smania_landing_description_txt\">Einfache Essenszeiten, wo immer Sie sind!<\/div>\n<div class=\"smania_landing_description_subtitle\"> Der ClipMunch\u2122 Clip-on Hochstuhl f\u00fcr Babys ist perfekt zum F\u00fcttern zu Hause oder unterwegs. Er l\u00e4sst sich sicher an Tischen befestigen, verf\u00fcgt \u00fcber einen Sicherheitsgurt und wird mit einer Tragetasche f\u00fcr einfache Aufbewahrung geliefert. Die rutschfesten Arme sch\u00fctzen die Tische, w\u00e4hrend der umweltfreundliche Stoffbezug leicht zu reinigen ist. <\/div>\n<div class=\"smania_landing_description_list\">\n<ul>\n<li>M\u00fchelos in nur 20 Sekunden montiert <\/li>\n<li>Robuster 3-Punkt-Sicherheitsgurt enthalten <\/li>\n<li>Geeignet f\u00fcr Tische mit einer Dicke von 20\u201380 mm <\/li>\n<li>Leicht und tragbar f\u00fcr einfache Mobilit\u00e4t <\/li>\n<li>Abnehmbarer Bezug l\u00e4sst sich m\u00fchelos reinigen <\/li>\n<li>Kompakt faltbar und einfach zu verstauen<\/li>\n<\/ul><\/div>\n","protected":false},"excerpt":{"rendered":"<p>Perfekt f\u00fcr Kleinkinder im Alter von 6-36 Monaten |Rutschfeste Griffe sch\u00fctzen Oberfl\u00e4chen |Transporttasche f\u00fcr zus\u00e4tzlichen Komfort enthalten |Hochwertiges Polyester f\u00fcr Langlebigkeit|Tablettgr\u00f6\u00dfe: 25,5 x 37 cm |Passt auf Tische: 20 mm bis 80 mm dick |Maximale Tragf\u00e4higkeit: 20 kg |Material: Umweltfreundlicher 600D-Stoff, leicht zu reinigen<\/p>\n","protected":false},"featured_media":41133,"template":"","meta":[],"product_cat":[17],"product_tag":[1484,1520],"acf":[],"_links":{"self":[{"href":"https:\/\/smania.store\/de\/wp-json\/wp\/v2\/product\/41145"}],"collection":[{"href":"https:\/\/smania.store\/de\/wp-json\/wp\/v2\/product"}],"about":[{"href":"https:\/\/smania.store\/de\/wp-json\/wp\/v2\/types\/product"}],"wp:featuredmedia":[{"embeddable":true,"href":"https:\/\/smania.store\/de\/wp-json\/wp\/v2\/media\/41133"}],"wp:attachment":[{"href":"https:\/\/smania.store\/de\/wp-json\/wp\/v2\/media?parent=41145"}],"wp:term":[{"taxonomy":"product_cat","embeddable":true,"href":"https:\/\/smania.store\/de\/wp-json\/wp\/v2\/product_cat?post=41145"},{"taxonomy":"product_tag","embeddable":true,"href":"https:\/\/smania.store\/de\/wp-json\/wp\/v2\/product_tag?post=41145"}],"curies":[{"name":"wp","href":"https:\/\/api.w.org\/{rel}","templated":true}]}}