{"id":41132,"date":"2025-12-08T09:11:43","date_gmt":"2025-12-08T08:11:43","guid":{"rendered":"https:\/\/smania.store\/de\/produkt\/purrcave-verstellbarer-runder-flauschiger-katzentunnel\/"},"modified":"2025-12-08T09:11:43","modified_gmt":"2025-12-08T08:11:43","slug":"purrcave-verstellbarer-runder-flauschiger-katzentunnel","status":"publish","type":"product","link":"https:\/\/smania.store\/de\/produkt\/purrcave-verstellbarer-runder-flauschiger-katzentunnel\/","title":{"rendered":"PurrCave\u2122 verstellbarer runder flauschiger Katzentunnel"},"content":{"rendered":"<div class=\"smania_landing_description_title\">NEU: stilvoll spielen &amp; entspannen<\/div>\n<div class=\"smania_landing_description_txt\">Spielen, Springen &amp; Schlafen \u2013 Alles in einem Tunnel!<\/div>\n<div class=\"smania_landing_description_subtitle\">PurrCave\u2122 ist ein gem\u00fctlicher, pl\u00fcschiger Tunnel mit zwei Eing\u00e4ngen, perfekt f\u00fcr Spielabenteuer oder ein ruhiges Nickerchen. Falten, drehen oder offen lassen \u2013 das vielseitige Design passt sich der Stimmung Ihrer Katze an. Weich, sicher und leicht zu reinigen, ist es ideal f\u00fcr Katzen, kleine Haustiere und sogar als Schutz f\u00fcr den Weihnachtsbaum.<\/div>\n<div class=\"smania_landing_description_list\">\n<ul>\n<li>Zwei Eing\u00e4nge f\u00fcr zus\u00e4tzlichen Spa\u00df und Erkundung <\/li>\n<li>Kann gefaltet oder gedreht werden f\u00fcr verschiedene Spielanordnungen <\/li>\n<li>Tunnel + Pl\u00fcschbett zum Spielen oder Schlafen <\/li>\n<li>Weicher, ultra-pl\u00fcschiger Stoff, den Haustiere lieben <\/li>\n<li>Waschbares Kissen und stabiler, sicherer Rahmen<\/li>\n<\/ul><\/div>\n","protected":false},"excerpt":{"rendered":"<p>Unendliche Gestaltungsm\u00f6glichkeiten |Einfaches Falt- und Aufbewahrungsdesign |Interaktive h\u00e4ngende Pompons |F\u00f6rdert aktives Spielen|Farbe: Grau |Gr\u00f6\u00dfe: 25 cm \u00d7 80 cm |Material: Pl\u00fcschstoff mit einem Rahmen aus rostfreiem Stahl |Montage: Werkzeugfrei<\/p>\n","protected":false},"featured_media":41118,"template":"","meta":[],"product_cat":[20],"product_tag":[],"acf":[],"_links":{"self":[{"href":"https:\/\/smania.store\/de\/wp-json\/wp\/v2\/product\/41132"}],"collection":[{"href":"https:\/\/smania.store\/de\/wp-json\/wp\/v2\/product"}],"about":[{"href":"https:\/\/smania.store\/de\/wp-json\/wp\/v2\/types\/product"}],"wp:featuredmedia":[{"embeddable":true,"href":"https:\/\/smania.store\/de\/wp-json\/wp\/v2\/media\/41118"}],"wp:attachment":[{"href":"https:\/\/smania.store\/de\/wp-json\/wp\/v2\/media?parent=41132"}],"wp:term":[{"taxonomy":"product_cat","embeddable":true,"href":"https:\/\/smania.store\/de\/wp-json\/wp\/v2\/product_cat?post=41132"},{"taxonomy":"product_tag","embeddable":true,"href":"https:\/\/smania.store\/de\/wp-json\/wp\/v2\/product_tag?post=41132"}],"curies":[{"name":"wp","href":"https:\/\/api.w.org\/{rel}","templated":true}]}}