{"id":41115,"date":"2025-12-04T06:58:10","date_gmt":"2025-12-04T05:58:10","guid":{"rendered":"https:\/\/smania.store\/de\/produkt\/superkart-kinder-elektro-falt-go-kart\/"},"modified":"2025-12-04T06:58:10","modified_gmt":"2025-12-04T05:58:10","slug":"superkart-kinder-elektro-falt-go-kart","status":"publish","type":"product","link":"https:\/\/smania.store\/de\/produkt\/superkart-kinder-elektro-falt-go-kart\/","title":{"rendered":"SuperKart\u2122 Kinder Elektro-Falt-Go-Kart"},"content":{"rendered":"<div class=\"smania_landing_description_title\">NEU: Elektrisierender Spa\u00df f\u00fcr Kinder<\/div>\n<div class=\"smania_landing_description_txt\">Spa\u00df, Geschwindigkeit und Lichter in einem coolen Go-Kart!<\/div>\n<div class=\"smania_landing_description_subtitle\"> Mach dich bereit f\u00fcr ununterbrochenen Spa\u00df mit dem SuperKart\u2122! Mit interaktiven Steuerungen, einem langlebigen Akku und coolen LED-Lichtern ist dieses Go-Kart darauf ausgelegt, jede Fahrt zu einem Abenteuer zu machen. Einfach zu lagern, einfach zu fahren und f\u00fcr die Ewigkeit gebaut.<\/div>\n<div class=\"smania_landing_description_list\">\n<ul>\n<li>2 Fahrmodi: Selbstst\u00e4ndig fahren oder mit Fernbedienung<\/li>\n<li>Vorw\u00e4rts &amp; R\u00fcckw\u00e4rts: Bewegt sich vorw\u00e4rts und r\u00fcckw\u00e4rts f\u00fcr mehr Kontrolle<\/li>\n<li>Blitzende LED-Lichter: Helle, aufregende Lichter f\u00fcr Spa\u00df, auch nachts<\/li>\n<li>Kompakt &amp; Zusammenklappbar: Einfach zu verstauen und \u00fcberallhin mitzunehmen<\/li>\n<li>Verstellbarer Sitz: Passt bequem f\u00fcr Kinder im Alter von 2-8 Jahren<\/li>\n<li>Perfekt f\u00fcr Fahrten drinnen und drau\u00dfen<\/li>\n<\/ul><\/div>\n","protected":false},"excerpt":{"rendered":"<p>Perfekt f\u00fcr Kinder im Alter von 2-8 Jahren |Sicher und Spa\u00dfig |Nachtzeit-Spa\u00df |Inklusive Fernbedienung|Abmessungen: 85 x 56 x 51 cm |Batterie: 6V\/7A |Motor: 2 x 390W |Geschwindigkeit: 4,8-6,4 km\/h<\/p>\n","protected":false},"featured_media":41104,"template":"","meta":[],"product_cat":[17],"product_tag":[1520,1490],"acf":[],"_links":{"self":[{"href":"https:\/\/smania.store\/de\/wp-json\/wp\/v2\/product\/41115"}],"collection":[{"href":"https:\/\/smania.store\/de\/wp-json\/wp\/v2\/product"}],"about":[{"href":"https:\/\/smania.store\/de\/wp-json\/wp\/v2\/types\/product"}],"wp:featuredmedia":[{"embeddable":true,"href":"https:\/\/smania.store\/de\/wp-json\/wp\/v2\/media\/41104"}],"wp:attachment":[{"href":"https:\/\/smania.store\/de\/wp-json\/wp\/v2\/media?parent=41115"}],"wp:term":[{"taxonomy":"product_cat","embeddable":true,"href":"https:\/\/smania.store\/de\/wp-json\/wp\/v2\/product_cat?post=41115"},{"taxonomy":"product_tag","embeddable":true,"href":"https:\/\/smania.store\/de\/wp-json\/wp\/v2\/product_tag?post=41115"}],"curies":[{"name":"wp","href":"https:\/\/api.w.org\/{rel}","templated":true}]}}