{"id":41040,"date":"2025-11-21T10:04:11","date_gmt":"2025-11-21T09:04:11","guid":{"rendered":"https:\/\/smania.store\/de\/produkt\/firefighterz-feuerwehrauto-mit-feuerwehrteam-und-wassersprinkler\/"},"modified":"2025-11-21T10:04:11","modified_gmt":"2025-11-21T09:04:11","slug":"firefighterz-feuerwehrauto-mit-feuerwehrteam-und-wassersprinkler","status":"publish","type":"product","link":"https:\/\/smania.store\/de\/produkt\/firefighterz-feuerwehrauto-mit-feuerwehrteam-und-wassersprinkler\/","title":{"rendered":"FireFighterz\u2122 Feuerwehrauto mit Feuerwehrteam und Wassersprinkler"},"content":{"rendered":"<div class=\"smania_landing_description_title\">NEW: Entfesseltes Vergn\u00fcgen mit Wasserkraft<\/div>\n<div class=\"smania_landing_description_txt\">Fahren, spr\u00fchen, spielen &#8211; das Leben eines Feuerwehrmanns erwartet dich!<\/div>\n<div class=\"smania_landing_description_subtitle\">Erwecken Sie mit dem FireFighterz\u2122-Feuerwehrauto echte Rettungsabenteuer zum Leben. Dieses multifunktionale Feuerwehrauto wurde f\u00fcr Spa\u00df und Lernen entwickelt und regt Kreativit\u00e4t, Fantasie und endlosen Spielspa\u00df an. Perfekt f\u00fcr kleine Helden, die davon tr\u00e4umen, den Tag zu retten!<\/div>\n<div class=\"smania_landing_description_list\">\n<ul>\n<li>Teleskopleiter und anhebbare Plattform f\u00fcr dynamische Rettungsaktionen<\/li>\n<li>Um 270\u00b0 drehbare Werkbank mit Wasserspritze f\u00fcr interaktives Spielen<\/li>\n<li>Eingebaute Geschichte und Soundeffekte f\u00fcr ein packendes Abenteuer<\/li>\n<li>Enth\u00e4lt 6 Mini-Fahrzeuge f\u00fcr erweiterte Missionen<\/li>\n<li>F\u00f6rdert die Kreativit\u00e4t, die Hand-Augen-Koordination und das fantasievolle Spiel<\/li>\n<\/ul><\/div>\n","protected":false},"excerpt":{"rendered":"<p>Mit 6 Fahrzeugen und Wasserberieselung|Wasser-Spr\u00fchfunktion|Die Leiter l\u00e4sst sich um 270\u00b0 drehen, ausfahren und anheben|Sound- und Lichteffekte mit einfachen Tasten|Paket enth\u00e4lt: 1 x gro\u00dfes Feuerwehrauto, 6 x kleine Autos|Stromversorgung: 2 \u00d7 AA-Batterien erforderlich (nicht enthalten)|Warnung: Enth\u00e4lt kleine Teile. Erstickungsgefahr!|Empfohlenes Alter: +3 Jahre<\/p>\n","protected":false},"featured_media":41036,"template":"","meta":[],"product_cat":[17],"product_tag":[1520,1490],"acf":[],"_links":{"self":[{"href":"https:\/\/smania.store\/de\/wp-json\/wp\/v2\/product\/41040"}],"collection":[{"href":"https:\/\/smania.store\/de\/wp-json\/wp\/v2\/product"}],"about":[{"href":"https:\/\/smania.store\/de\/wp-json\/wp\/v2\/types\/product"}],"wp:featuredmedia":[{"embeddable":true,"href":"https:\/\/smania.store\/de\/wp-json\/wp\/v2\/media\/41036"}],"wp:attachment":[{"href":"https:\/\/smania.store\/de\/wp-json\/wp\/v2\/media?parent=41040"}],"wp:term":[{"taxonomy":"product_cat","embeddable":true,"href":"https:\/\/smania.store\/de\/wp-json\/wp\/v2\/product_cat?post=41040"},{"taxonomy":"product_tag","embeddable":true,"href":"https:\/\/smania.store\/de\/wp-json\/wp\/v2\/product_tag?post=41040"}],"curies":[{"name":"wp","href":"https:\/\/api.w.org\/{rel}","templated":true}]}}