{"id":41031,"date":"2025-11-21T10:02:25","date_gmt":"2025-11-21T09:02:25","guid":{"rendered":"https:\/\/smania.store\/de\/produkt\/driftracer-mini-fernbedienungsdriftwagen-spielzeug\/"},"modified":"2025-11-21T10:02:32","modified_gmt":"2025-11-21T09:02:32","slug":"driftracer-mini-fernbedienungsdriftwagen-spielzeug","status":"publish","type":"product","link":"https:\/\/smania.store\/de\/produkt\/driftracer-mini-fernbedienungsdriftwagen-spielzeug\/","title":{"rendered":"DriftRacer\u2122 Mini-Fernbedienungsdriftwagen Spielzeug"},"content":{"rendered":"<div class=\"smania_landing_description_title\">NEU: Faszination mit Miniaturgeschwindigkeit<\/div>\n<div class=\"smania_landing_description_txt\">Entfessle sofort deinen inneren Geschwindigkeitsd\u00e4mon<\/div>\n<div class=\"smania_landing_description_subtitle\">Lernen Sie den DriftRacer\u2122 kennen, Ihre tragbare Kraftmaschine, die f\u00fcr puren Adrenalinrausch entwickelt wurde! Mit einem schlanken Design und bahnbrechenden Driftf\u00e4higkeiten ist dieses Mini-Monster perfekt, egal ob Sie auf Ihrem Schreibtisch oder drau\u00dfen Rennen fahren. Handeln Sie jetzt, um das ultimative Rennerlebnis zu besitzen, das in Ihre Hand passt!<\/div>\n<div class=\"smania_landing_description_list\">\n<ul>\n<li>Mikrogr\u00f6\u00dfe, makro Freude: Nur 7,8 cm!<\/li>\n<li>Blitzschnell: Geschwindigkeiten bis zu 15 km\/h<\/li>\n<li>Magnetmotor: Sanfte Beschleunigung<\/li>\n<li>Kabellose Kontrolle: 2,4 GHz Reichweite<\/li>\n<li>Schnellladung: 20 Minuten Spielzeit<\/li>\n<li>Komplettpaket: Enth\u00e4lt alle Zubeh\u00f6rteile<\/li>\n<\/ul><\/div>\n","protected":false},"excerpt":{"rendered":"<p>Kompaktes, aber leistungsstarkes Design|Au\u00dfergew\u00f6hnliche Driftleistung|Dynamische LED-Lichteffekte|Einfache USB-Schnellladung|Zwei Optionen: Blau oder Wei\u00df|Fernbedienungsreichweite: 20-30 Meter|Betriebsdauer: ca. 25 Minuten|Abmessungen des Autos: 3,5 x 7,8 x 2,5 cm|Lademethode: Type-C Ladeanschluss|Lieferumfang: 1x Auto, 1x 2,4G Fernbedienung, 1x Ladekabel, 4x Hindernisse, 1x Schraubendreher<\/p>\n","protected":false},"featured_media":41020,"template":"","meta":[],"product_cat":[17],"product_tag":[1520,1490],"acf":[],"_links":{"self":[{"href":"https:\/\/smania.store\/de\/wp-json\/wp\/v2\/product\/41031"}],"collection":[{"href":"https:\/\/smania.store\/de\/wp-json\/wp\/v2\/product"}],"about":[{"href":"https:\/\/smania.store\/de\/wp-json\/wp\/v2\/types\/product"}],"wp:featuredmedia":[{"embeddable":true,"href":"https:\/\/smania.store\/de\/wp-json\/wp\/v2\/media\/41020"}],"wp:attachment":[{"href":"https:\/\/smania.store\/de\/wp-json\/wp\/v2\/media?parent=41031"}],"wp:term":[{"taxonomy":"product_cat","embeddable":true,"href":"https:\/\/smania.store\/de\/wp-json\/wp\/v2\/product_cat?post=41031"},{"taxonomy":"product_tag","embeddable":true,"href":"https:\/\/smania.store\/de\/wp-json\/wp\/v2\/product_tag?post=41031"}],"curies":[{"name":"wp","href":"https:\/\/api.w.org\/{rel}","templated":true}]}}