{"id":40998,"date":"2025-11-17T07:55:40","date_gmt":"2025-11-17T06:55:40","guid":{"rendered":"https:\/\/smania.store\/de\/produkt\/merryrail-weihnachts-puzzlebahn-mit-elektrozug-25-stueck\/"},"modified":"2025-11-17T07:55:40","modified_gmt":"2025-11-17T06:55:40","slug":"merryrail-weihnachts-puzzlebahn-mit-elektrozug-25-stueck","status":"publish","type":"product","link":"https:\/\/smania.store\/de\/produkt\/merryrail-weihnachts-puzzlebahn-mit-elektrozug-25-stueck\/","title":{"rendered":"MerryRail\u2122 Weihnachts-Puzzlebahn mit Elektrozug \u2013 25 St\u00fcck"},"content":{"rendered":"<div class=\"smania_landing_description_title\"> NEU: Entfesseln Sie Ihre Kreativit\u00e4t durch Spielen! <\/div>\n<div class=\"smania_landing_description_txt\"> Entfesseln Sie Ihre Kreativit\u00e4t, passend zur Jahreszeit! <\/div>\n<div class=\"smania_landing_description_subtitle\"> Mit dem 25-teiligen MerryRail\u2122-Weihnachtszugset ist der Spa\u00df vorprogrammiert! Mit diesem interaktiven Spielzeug k\u00f6nnen Kinder ihre eigenen Puzzleschienen f\u00fcr einen festlichen elektrischen Zug bauen. Eine tolle M\u00f6glichkeit f\u00fcr kleine Ingenieure, ihre Kreativit\u00e4t und logischen F\u00e4higkeiten zu f\u00f6rdern, w\u00e4hrend sie endlose Spielzeit genie\u00dfen. <\/div>\n<div class=\"smania_landing_description_list\">\n<ul>\n<li>Bauen Sie bei jedem Zusammenbau verschiedene Zugstrecken zusammen<\/li>\n<li>Elektrisches Zugspielzeug, das selbst f\u00e4hrt<\/li>\n<li>Weckt Kreativit\u00e4t und Fantasie<\/li>\n<li>F\u00f6rdert das logische Denken und die motorische Entwicklung<\/li>\n<li>Perfektes festliches Design<\/li>\n<li>Kompakt und leicht zu verstauen<\/li>\n<\/ul><\/div>\n","protected":false},"excerpt":{"rendered":"<p>Spa\u00df f\u00fcr Kinder ab 3 Jahren|Fesselt mehrere Kinder auf einmal und bietet Gelegenheit zur Familienzusammenf\u00fchrung|Leicht zusammensetzbare Puzzleteile|Realistische Fahrzeugformen|Enth\u00e4lt 1\u00d7 batteriebetriebene Elektro-Lok mit AAA-Batterie (Batterie nicht enthalten)|Enth\u00e4lt 25 Teile (12 Schienenst\u00fccke + 12 Stra\u00dfenschilder + Spielzeugeisenbahn)|Produktabmessungen: 49.6 cm x 37.7 cm|Die Schienenteile k\u00f6nnen auf verschiedene Arten zusammengesetzt werden<\/p>\n","protected":false},"featured_media":40986,"template":"","meta":[],"product_cat":[17],"product_tag":[1664,1490],"acf":[],"_links":{"self":[{"href":"https:\/\/smania.store\/de\/wp-json\/wp\/v2\/product\/40998"}],"collection":[{"href":"https:\/\/smania.store\/de\/wp-json\/wp\/v2\/product"}],"about":[{"href":"https:\/\/smania.store\/de\/wp-json\/wp\/v2\/types\/product"}],"wp:featuredmedia":[{"embeddable":true,"href":"https:\/\/smania.store\/de\/wp-json\/wp\/v2\/media\/40986"}],"wp:attachment":[{"href":"https:\/\/smania.store\/de\/wp-json\/wp\/v2\/media?parent=40998"}],"wp:term":[{"taxonomy":"product_cat","embeddable":true,"href":"https:\/\/smania.store\/de\/wp-json\/wp\/v2\/product_cat?post=40998"},{"taxonomy":"product_tag","embeddable":true,"href":"https:\/\/smania.store\/de\/wp-json\/wp\/v2\/product_tag?post=40998"}],"curies":[{"name":"wp","href":"https:\/\/api.w.org\/{rel}","templated":true}]}}