{"id":40967,"date":"2025-11-17T07:29:01","date_gmt":"2025-11-17T06:29:01","guid":{"rendered":"https:\/\/smania.store\/de\/produkt\/buggyspin-3-in-1-drehendes-spielzeug-in-marienkaeferform\/"},"modified":"2025-11-17T07:29:01","modified_gmt":"2025-11-17T06:29:01","slug":"buggyspin-3-in-1-drehendes-spielzeug-in-marienkaeferform","status":"publish","type":"product","link":"https:\/\/smania.store\/de\/produkt\/buggyspin-3-in-1-drehendes-spielzeug-in-marienkaeferform\/","title":{"rendered":"BuggySpin\u2122 3-in-1 drehendes Spielzeug in Marienk\u00e4ferform"},"content":{"rendered":"<div class=\"smania_landing_description_title\">NEU: All-in-One Fun Set<\/div>\n<div class=\"smania_landing_description_txt\">Drehen, Starten, Lachen &#8211; unendlicher Spa\u00df in einem Spielzeug <\/div>\n<div class=\"smania_landing_description_subtitle\">BuggySpin\u2122, das 3-in-1-Spielzeug, das den Spa\u00df neu definiert! Vom Raketenstart \u00fcber das Werfen von Ringen bis hin zu H\u00fcpfspielen &#8211; dieses vielseitige Set verspricht Spa\u00df und Lachen f\u00fcr Kinder und Erwachsene gleicherma\u00dfen. Es ist leicht aufzubauen, man braucht kein Werkzeug und kann sowohl drinnen als auch drau\u00dfen spontan spielen.<\/div>\n<div class=\"smania_landing_description_list\">\n<ul>\n<li>Verwandelt sich im Handumdrehen in 3 Spiele<\/li>\n<li>Interaktives und fesselndes Spiel<\/li>\n<li>Verbessert spielerisch die motorischen F\u00e4higkeiten<\/li>\n<li>Perfektes Geschenk f\u00fcr jeden Anlass<\/li>\n<li>Weiche Schaumstoffraketen, sicher f\u00fcr Kinder<\/li>\n<\/ul><\/div>\n","protected":false},"excerpt":{"rendered":"<p>Spiel 1: Raketenwerfer &#8211; Raketen fliegen bis zu 60 Fu\u00df hoch, keine Batterien erforderlich|Spiel 2: Ringwurfspiel &#8211; mit 12 bunten Ringen|Spiel 3: H\u00fcpfspiel &#8211; sich drehende Stange mit Musik und einstellbarer Geschwindigkeit|Anwendbare Altersgruppe: 3 Jahre+|Gewicht: 1,10 kg|Ben\u00f6tigt 3 \u00d7 AA-Batterien (nicht enthalten)<\/p>\n","protected":false},"featured_media":40963,"template":"","meta":[],"product_cat":[17],"product_tag":[1520,1490],"acf":[],"_links":{"self":[{"href":"https:\/\/smania.store\/de\/wp-json\/wp\/v2\/product\/40967"}],"collection":[{"href":"https:\/\/smania.store\/de\/wp-json\/wp\/v2\/product"}],"about":[{"href":"https:\/\/smania.store\/de\/wp-json\/wp\/v2\/types\/product"}],"wp:featuredmedia":[{"embeddable":true,"href":"https:\/\/smania.store\/de\/wp-json\/wp\/v2\/media\/40963"}],"wp:attachment":[{"href":"https:\/\/smania.store\/de\/wp-json\/wp\/v2\/media?parent=40967"}],"wp:term":[{"taxonomy":"product_cat","embeddable":true,"href":"https:\/\/smania.store\/de\/wp-json\/wp\/v2\/product_cat?post=40967"},{"taxonomy":"product_tag","embeddable":true,"href":"https:\/\/smania.store\/de\/wp-json\/wp\/v2\/product_tag?post=40967"}],"curies":[{"name":"wp","href":"https:\/\/api.w.org\/{rel}","templated":true}]}}