{"id":40829,"date":"2025-11-04T08:05:05","date_gmt":"2025-11-04T07:05:05","guid":{"rendered":"https:\/\/smania.store\/de\/produkt\/chrom-spruehfarbe-chromius\/"},"modified":"2026-03-31T19:52:34","modified_gmt":"2026-03-31T17:52:34","slug":"chrom-spruehfarbe-chromius","status":"publish","type":"product","link":"https:\/\/smania.store\/de\/produkt\/chrom-spruehfarbe-chromius\/","title":{"rendered":"Chrom-Spr\u00fchfarbe CHROMIUS\u2122"},"content":{"rendered":"<div class=\"smania_landing_description_title\">NEU: Metallischer Glanz f\u00fcr alle Oberfl\u00e4chen<\/div>\n<div class=\"smania_landing_description_txt\">Erwecken Sie jede Oberfl\u00e4che mit nur einem Durchgang zum Leben!<\/div>\n<div class=\"smania_landing_description_subtitle\">Entdecken Sie CHROMIUS\u2122, die revolution\u00e4re Farbe, die jede Oberfl\u00e4che verwandelt und sch\u00fctzt. Diese in Gro\u00dfbritannien hergestellte hochwertige Farbe mit unwiderstehlichem Metallic-Effekt ist korrosions- und hitzebest\u00e4ndig und sorgt f\u00fcr ein makelloses, lang anhaltendes Aussehen. Perfekt f\u00fcr alle, die ein m\u00fcheloses, professionelles Ergebnis w\u00fcnschen. Verpassen Sie nicht Ihre Chance, Ihren Oberfl\u00e4chen einen Hauch von Eleganz zu verleihen!<\/div>\n<div class=\"smania_landing_description_list\">\n<ul>\n<li>H\u00f6chste Korrosionsbest\u00e4ndigkeit<\/li>\n<li>Gl\u00e4nzende und anspruchsvolle Oberfl\u00e4che<\/li>\n<li>Schnelle und einfache Anwendung<\/li>\n<li>Perfekt f\u00fcr Metall, Holz, Glas und mehr<\/li>\n<li>H\u00e4lt bis zu 90\u00b0C stand, ohne zu verblassen<\/li>\n<li>Au\u00dfergew\u00f6hnliche Vielseitigkeit f\u00fcr Innen- und Au\u00dfenanwendungen<\/li>\n<\/ul><\/div>\n","protected":false},"excerpt":{"rendered":"<p>Verwandelt alte M\u00f6bel um|Verleiht Ihrem Zuhause Stil|Garantierte Qualit\u00e4t|Perfekt f\u00fcr kreative Heimwerker|Lang anhaltender Schutz|Garantierter Metallic-Effekt|Ideal f\u00fcr Kunstprojekte|Nie wieder stumpfe Oberfl\u00e4chen|Inhalt: 450 ml<\/p>\n","protected":false},"featured_media":40819,"template":"","meta":[],"product_cat":[16,2568],"product_tag":[2571],"acf":[],"_links":{"self":[{"href":"https:\/\/smania.store\/de\/wp-json\/wp\/v2\/product\/40829"}],"collection":[{"href":"https:\/\/smania.store\/de\/wp-json\/wp\/v2\/product"}],"about":[{"href":"https:\/\/smania.store\/de\/wp-json\/wp\/v2\/types\/product"}],"wp:featuredmedia":[{"embeddable":true,"href":"https:\/\/smania.store\/de\/wp-json\/wp\/v2\/media\/40819"}],"wp:attachment":[{"href":"https:\/\/smania.store\/de\/wp-json\/wp\/v2\/media?parent=40829"}],"wp:term":[{"taxonomy":"product_cat","embeddable":true,"href":"https:\/\/smania.store\/de\/wp-json\/wp\/v2\/product_cat?post=40829"},{"taxonomy":"product_tag","embeddable":true,"href":"https:\/\/smania.store\/de\/wp-json\/wp\/v2\/product_tag?post=40829"}],"curies":[{"name":"wp","href":"https:\/\/api.w.org\/{rel}","templated":true}]}}