{"id":40783,"date":"2025-10-27T11:44:40","date_gmt":"2025-10-27T10:44:40","guid":{"rendered":"https:\/\/smania.store\/de\/produkt\/tabura-aufbewahrungs-set-hocker-mit-wendbarem-deckel\/"},"modified":"2025-10-27T11:44:40","modified_gmt":"2025-10-27T10:44:40","slug":"tabura-aufbewahrungs-set-hocker-mit-wendbarem-deckel","status":"publish","type":"product","link":"https:\/\/smania.store\/de\/produkt\/tabura-aufbewahrungs-set-hocker-mit-wendbarem-deckel\/","title":{"rendered":"Tabura\u2122 Aufbewahrungs-Set Hocker mit wendbarem Deckel"},"content":{"rendered":"<div class=\"smania_landing_description_title\">NEW: Elegante Aufbewahrung und Sitzgelegenheiten<\/div>\n<div class=\"smania_landing_description_txt\">Verwandeln Sie Ihren Raum im Handumdrehen!<\/div>\n<div class=\"smania_landing_description_subtitle\"> Wir pr\u00e4sentieren Tabura\u2122, die ultimative Mischung aus Eleganz und Zweckm\u00e4\u00dfigkeit! Dieses atemberaubende Tabura\u2122 Aufbewahrungs-Ottomanen-Set wertet jeden Raum mit seinem luxuri\u00f6sen Aussehen und seinen multifunktionalen Eigenschaften sofort auf. Perfekt f\u00fcr alle, die sich nach Sch\u00f6nheit und Funktionalit\u00e4t sehnen! <\/div>\n<div class=\"smania_landing_description_list\">\n<ul>\n<li>Verwandelt sich in einen Tabletttisch<\/li>\n<li>Reichlich versteckter Stauraum<\/li>\n<li>Vielseitiges Design f\u00fcr jeden Bedarf<\/li>\n<li>Luxuri\u00f6ses, hautfreundliches Samt-Finish<\/li>\n<li>H\u00e4lt bis zu 120 kg sicher<\/li>\n<\/ul><\/div>\n","protected":false},"excerpt":{"rendered":"<p>Platzsparendes Nesting-Design|Deckel in Couchtisch verwandeln|Organisieren Sie Spielzeug, Kleidung und mehr|Fachm\u00e4nnische handwerkliche Detailarbeit|Montagefrei &amp; sofort einsatzbereit|Farbe: Off-White|Stoff-Typ: Samt|Maximale Tragf\u00e4higkeit: 120 kg|Abmessungen (gr\u00f6\u00dfer): 44 x 37,5 cm|Abmessungen (kleiner): 36 x 32 cm<\/p>\n","protected":false},"featured_media":40770,"template":"","meta":[],"product_cat":[16],"product_tag":[1519],"acf":[],"_links":{"self":[{"href":"https:\/\/smania.store\/de\/wp-json\/wp\/v2\/product\/40783"}],"collection":[{"href":"https:\/\/smania.store\/de\/wp-json\/wp\/v2\/product"}],"about":[{"href":"https:\/\/smania.store\/de\/wp-json\/wp\/v2\/types\/product"}],"wp:featuredmedia":[{"embeddable":true,"href":"https:\/\/smania.store\/de\/wp-json\/wp\/v2\/media\/40770"}],"wp:attachment":[{"href":"https:\/\/smania.store\/de\/wp-json\/wp\/v2\/media?parent=40783"}],"wp:term":[{"taxonomy":"product_cat","embeddable":true,"href":"https:\/\/smania.store\/de\/wp-json\/wp\/v2\/product_cat?post=40783"},{"taxonomy":"product_tag","embeddable":true,"href":"https:\/\/smania.store\/de\/wp-json\/wp\/v2\/product_tag?post=40783"}],"curies":[{"name":"wp","href":"https:\/\/api.w.org\/{rel}","templated":true}]}}