{"id":40634,"date":"2025-10-21T07:42:44","date_gmt":"2025-10-21T05:42:44","guid":{"rendered":"https:\/\/smania.store\/de\/produkt\/nutcracker-2-in-1-nussknacker-fuer-kastanien-und-walnuesse\/"},"modified":"2025-10-21T07:42:44","modified_gmt":"2025-10-21T05:42:44","slug":"nutcracker-2-in-1-nussknacker-fuer-kastanien-und-walnuesse","status":"publish","type":"product","link":"https:\/\/smania.store\/de\/produkt\/nutcracker-2-in-1-nussknacker-fuer-kastanien-und-walnuesse\/","title":{"rendered":"NutCracker\u2122 2 in 1 Nussknacker f\u00fcr Kastanien und Waln\u00fcsse"},"content":{"rendered":"<div class=\"smania_landing_description_title\">NEU: Werkzeug zum m\u00fchelosen Nussknacken<\/div>\n<div class=\"smania_landing_description_txt\">M\u00fcheloses Knacken in Sekundenschnelle!<\/div>\n<div class=\"smania_landing_description_subtitle\">Der NutCracker\u2122 &#8211; der ultimative Nussknacker, auf den Sie gewartet haben! Verabschieden Sie sich von hartn\u00e4ckigen Schalen und begr\u00fc\u00dfen Sie k\u00f6stliche N\u00fcsse in Sekunden.<\/div>\n<div class=\"smania_landing_description_list\">\n<ul>\n<li>Konische Form passt auf alle Muttern<\/li>\n<li>Hochwertige Konstruktion aus rostfreiem Stahl<\/li>\n<li>Ergonomisches Design mit Federmechanismus<\/li>\n<li>Rutschfester Griff f\u00fcr sicheren Halt<\/li>\n<li>Hebeldesign spart Kraftaufwand<\/li>\n<\/ul><\/div>\n","protected":false},"excerpt":{"rendered":"<p>Einteilige, nahtlose Konstruktion|Widerstandsf\u00e4hig gegen Rost und Korrosion|Perfekt f\u00fcr alle Muttern|Schnelles und einfaches Knacken|Farbe: Silber|Gewicht: 200 g|L\u00e4nge: 21 cm|Material: Rostfreier Stahl<\/p>\n","protected":false},"featured_media":40622,"template":"","meta":[],"product_cat":[223],"product_tag":[1498],"acf":[],"_links":{"self":[{"href":"https:\/\/smania.store\/de\/wp-json\/wp\/v2\/product\/40634"}],"collection":[{"href":"https:\/\/smania.store\/de\/wp-json\/wp\/v2\/product"}],"about":[{"href":"https:\/\/smania.store\/de\/wp-json\/wp\/v2\/types\/product"}],"wp:featuredmedia":[{"embeddable":true,"href":"https:\/\/smania.store\/de\/wp-json\/wp\/v2\/media\/40622"}],"wp:attachment":[{"href":"https:\/\/smania.store\/de\/wp-json\/wp\/v2\/media?parent=40634"}],"wp:term":[{"taxonomy":"product_cat","embeddable":true,"href":"https:\/\/smania.store\/de\/wp-json\/wp\/v2\/product_cat?post=40634"},{"taxonomy":"product_tag","embeddable":true,"href":"https:\/\/smania.store\/de\/wp-json\/wp\/v2\/product_tag?post=40634"}],"curies":[{"name":"wp","href":"https:\/\/api.w.org\/{rel}","templated":true}]}}