{"id":40595,"date":"2025-10-17T11:40:31","date_gmt":"2025-10-17T09:40:31","guid":{"rendered":"https:\/\/smania.store\/de\/produkt\/rollingfun-baukasten\/"},"modified":"2025-10-17T11:40:31","modified_gmt":"2025-10-17T09:40:31","slug":"rollingfun-baukasten","status":"publish","type":"product","link":"https:\/\/smania.store\/de\/produkt\/rollingfun-baukasten\/","title":{"rendered":"RollingFun Baukasten"},"content":{"rendered":"<div class=\"smania_landing_description_title\">NEU! Baukasten RollingFun<\/div>\n<div class=\"smania_landing_description_txt\">Erschaffe deine eigene fantasievolle Welt!<\/div>\n<div class=\"smania_landing_description_subtitle\">Beobachte, wie die Murmeln durch bunte Bahnen rasen, die dein Kind gestaltet. Jedes Teil l\u00e4sst sich leicht zusammenstecken und bietet endlose M\u00f6glichkeiten zum Spielen und Gestalten. Ein spielerischer Weg, um Kreativit\u00e4t, Konzentration und Probleml\u00f6sung zu f\u00f6rdern &#8211; ganz ohne Bildschirm!<\/div>\n<div class=\"smania_landing_description_list\">\n<ul>\n<li>F\u00f6rdert Probleml\u00f6sungsf\u00e4higkeit, Kreativit\u00e4t und Feinmotorik<\/li>\n<li>St\u00e4rkt die sozialen und kommunikativen F\u00e4higkeiten durch Spielen<\/li>\n<li>Besch\u00e4ftigt die Kinder stundenlang &#8211; ganz ohne Bildschirm!<\/li>\n<li>Hergestellt aus sicheren, langlebigen und kinderfreundlichen Materialien<\/li>\n<li>Bietet endlose Baum\u00f6glichkeiten mit 168 Teilen<\/li>\n<\/ul><\/div>\n","protected":false},"excerpt":{"rendered":"<p>168 bunte, ineinander greifende Teile|Verschiedene Schienenformen und lustiges Zubeh\u00f6r|Sanftes Rollen f\u00fcr endlose Rennen|Kompaktes Design &#8211; leicht zu verstauen und zu transportieren|Paket enth\u00e4lt: 168 Teile|Empfohlenes Mindestalter: 3+ Jahre|Material: ABS-Kunststoff|Achtung! Nicht geeignet f\u00fcr Kinder unter 36 Monaten. Kleine Teile. Erstickungsgefahr.<\/p>\n","protected":false},"featured_media":40571,"template":"","meta":[],"product_cat":[17],"product_tag":[1520,1490],"acf":[],"_links":{"self":[{"href":"https:\/\/smania.store\/de\/wp-json\/wp\/v2\/product\/40595"}],"collection":[{"href":"https:\/\/smania.store\/de\/wp-json\/wp\/v2\/product"}],"about":[{"href":"https:\/\/smania.store\/de\/wp-json\/wp\/v2\/types\/product"}],"wp:featuredmedia":[{"embeddable":true,"href":"https:\/\/smania.store\/de\/wp-json\/wp\/v2\/media\/40571"}],"wp:attachment":[{"href":"https:\/\/smania.store\/de\/wp-json\/wp\/v2\/media?parent=40595"}],"wp:term":[{"taxonomy":"product_cat","embeddable":true,"href":"https:\/\/smania.store\/de\/wp-json\/wp\/v2\/product_cat?post=40595"},{"taxonomy":"product_tag","embeddable":true,"href":"https:\/\/smania.store\/de\/wp-json\/wp\/v2\/product_tag?post=40595"}],"curies":[{"name":"wp","href":"https:\/\/api.w.org\/{rel}","templated":true}]}}