{"id":40512,"date":"2025-10-09T13:29:12","date_gmt":"2025-10-09T11:29:12","guid":{"rendered":"https:\/\/smania.store\/de\/produkt\/lovescent-pheromon-parfuem\/"},"modified":"2025-10-09T13:29:12","modified_gmt":"2025-10-09T11:29:12","slug":"lovescent-pheromon-parfuem","status":"publish","type":"product","link":"https:\/\/smania.store\/de\/produkt\/lovescent-pheromon-parfuem\/","title":{"rendered":"LoveScent \u2013 Pheromon Parf\u00fcm"},"content":{"rendered":"<div class=\"smania_landing_description_title\">NEU: Verst\u00e4rkt sofort Ihren Magnetismus<\/div>\n<div class=\"smania_landing_description_txt\">Fesseln Sie m\u00fchelos mit nur einem Spritzer<\/div>\n<div class=\"smania_landing_description_subtitle\">Entschl\u00fcsseln Sie das Geheimnis Ihrer unwiderstehlichen Anziehungskraft mit unserem revolution\u00e4ren LoveScent-Parf\u00fcm. Speziell entwickelt, um Ihr nat\u00fcrliches Charisma zu verst\u00e4rken, macht dieser Duft mit Pheromonen Sie zum Mittelpunkt der Bewunderung und des Begehrens, wo immer Sie hingehen. Sind Sie bereit, \u00fcber das Gew\u00f6hnliche hinauszuwachsen und einen bleibenden Eindruck zu hinterlassen? Lassen Sie sich noch heute von der magnetischen Anziehungskraft von LoveScent verzaubern!<\/div>\n<div class=\"smania_landing_description_list\">\n<ul>\n<li>Steigert m\u00fchelos Ihre Anziehungskraft<\/li>\n<li>Steigert das Selbstvertrauen augenblicklich<\/li>\n<li>Mit Pheromonen angereichert f\u00fcr nachhaltige Wirkung<\/li>\n<li>Perfekt f\u00fcr jeden gesellschaftlichen Anlass<\/li>\n<li>Lang anhaltende verf\u00fchrerische Umarmung<\/li>\n<li>Erleichtert soziale Interaktionen auf nat\u00fcrliche Weise<\/li>\n<\/ul><\/div>\n","protected":false},"excerpt":{"rendered":"<p>Verbessern Sie Ihr Dating-Spiel|F\u00fchlen Sie sich den ganzen Tag unwiderstehlich|Wecken Sie Neugierde und Interesse|Selbstvertrauen, das bei Ihnen bleibt|Die Essenz der rohen M\u00e4nnlichkeit|In jeder Menge auffallen|Entfesselt geheimnisvolle Sinnlichkeit|Inhalt: 150 ml<\/p>\n","protected":false},"featured_media":40500,"template":"","meta":[],"product_cat":[19],"product_tag":[1834,1832],"acf":[],"_links":{"self":[{"href":"https:\/\/smania.store\/de\/wp-json\/wp\/v2\/product\/40512"}],"collection":[{"href":"https:\/\/smania.store\/de\/wp-json\/wp\/v2\/product"}],"about":[{"href":"https:\/\/smania.store\/de\/wp-json\/wp\/v2\/types\/product"}],"wp:featuredmedia":[{"embeddable":true,"href":"https:\/\/smania.store\/de\/wp-json\/wp\/v2\/media\/40500"}],"wp:attachment":[{"href":"https:\/\/smania.store\/de\/wp-json\/wp\/v2\/media?parent=40512"}],"wp:term":[{"taxonomy":"product_cat","embeddable":true,"href":"https:\/\/smania.store\/de\/wp-json\/wp\/v2\/product_cat?post=40512"},{"taxonomy":"product_tag","embeddable":true,"href":"https:\/\/smania.store\/de\/wp-json\/wp\/v2\/product_tag?post=40512"}],"curies":[{"name":"wp","href":"https:\/\/api.w.org\/{rel}","templated":true}]}}