{"id":40432,"date":"2025-09-23T07:23:38","date_gmt":"2025-09-23T05:23:38","guid":{"rendered":"https:\/\/smania.store\/de\/produkt\/dryhut-intelligenter-faltbarer-waeschetrockner\/"},"modified":"2025-09-23T07:23:38","modified_gmt":"2025-09-23T05:23:38","slug":"dryhut-intelligenter-faltbarer-waeschetrockner","status":"publish","type":"product","link":"https:\/\/smania.store\/de\/produkt\/dryhut-intelligenter-faltbarer-waeschetrockner\/","title":{"rendered":"Dryhut\u2122 Intelligenter faltbarer W\u00e4schetrockner"},"content":{"rendered":"<div class=\"smania_landing_description_title\">NEU! Revolutionieren Sie Ihre W\u00e4sche<\/div>\n<div class=\"smania_landing_description_txt\">Trocknen Sie Ihre W\u00e4sche in nur 20 Minuten!<\/div>\n<div class=\"smania_landing_description_subtitle\">Mit Dryhut\u2122 wird Ihre W\u00e4scherei-Routine zum Kinderspiel. Sie brauchen keine schweren Ger\u00e4te &#8211; dieses tragbare Kraftpaket trocknet bis zu 9 Kleidungsst\u00fccke in Windeseile. Verabschieden Sie sich von der Hektik und begr\u00fc\u00dfen Sie die Innovation &#8211; im Handumdrehen!<\/div>\n<div class=\"smania_landing_description_list\">\n<ul>\n<li>Ultraschnelle Trocknung in nur 20 Minuten<\/li>\n<li>Bietet Platz f\u00fcr bis zu 9 Kleidungsst\u00fccke<\/li>\n<li>Kompaktes Design, perfekt f\u00fcr kleine R\u00e4ume<\/li>\n<li>Umweltfreundlich, reduziert den Energieverbrauch<\/li>\n<li>Einfacher Aufbau, \u00fcberall einsatzbereit<\/li>\n<li>Bewahrt die Qualit\u00e4t Ihrer Textilien<\/li>\n<\/ul><\/div>\n","protected":false},"excerpt":{"rendered":"<p>Trocknet ohne Faltenbildung|Tragbares und reisefreundliches Design|Praktisch f\u00fcr schnelles Trocknen|Keine W\u00e4scheleine erforderlich|Energiesparende Technologie|Modernes und schlankes Aussehen|Ideal f\u00fcr das Wohnen in der Wohnung|Unterst\u00fctzt nachhaltiges Wohnen<\/p>\n","protected":false},"featured_media":40423,"template":"","meta":[],"product_cat":[16],"product_tag":[1556],"acf":[],"_links":{"self":[{"href":"https:\/\/smania.store\/de\/wp-json\/wp\/v2\/product\/40432"}],"collection":[{"href":"https:\/\/smania.store\/de\/wp-json\/wp\/v2\/product"}],"about":[{"href":"https:\/\/smania.store\/de\/wp-json\/wp\/v2\/types\/product"}],"wp:featuredmedia":[{"embeddable":true,"href":"https:\/\/smania.store\/de\/wp-json\/wp\/v2\/media\/40423"}],"wp:attachment":[{"href":"https:\/\/smania.store\/de\/wp-json\/wp\/v2\/media?parent=40432"}],"wp:term":[{"taxonomy":"product_cat","embeddable":true,"href":"https:\/\/smania.store\/de\/wp-json\/wp\/v2\/product_cat?post=40432"},{"taxonomy":"product_tag","embeddable":true,"href":"https:\/\/smania.store\/de\/wp-json\/wp\/v2\/product_tag?post=40432"}],"curies":[{"name":"wp","href":"https:\/\/api.w.org\/{rel}","templated":true}]}}