{"id":40393,"date":"2025-09-19T13:52:23","date_gmt":"2025-09-19T11:52:23","guid":{"rendered":"https:\/\/smania.store\/de\/produkt\/storelux-luxurioeses-aufbewahrungsregal-fuer-luecken-zwischen-moebeln-4-ebenen\/"},"modified":"2026-03-02T10:17:36","modified_gmt":"2026-03-02T09:17:36","slug":"storelux-luxurioeses-aufbewahrungsregal-fuer-luecken-zwischen-moebeln-4-ebenen","status":"publish","type":"product","link":"https:\/\/smania.store\/de\/produkt\/storelux-luxurioeses-aufbewahrungsregal-fuer-luecken-zwischen-moebeln-4-ebenen\/","title":{"rendered":"StoreLux\u2122 luxuri\u00f6ses Aufbewahrungsregal f\u00fcr L\u00fccken zwischen M\u00f6beln \u2013 4 Ebenen"},"content":{"rendered":"<div class=\"smania_landing_description_title\">NEU: Erneuern Sie den Platz f\u00fcr das Sofa in Ihrer Wohnung!<\/div>\n<div class=\"smania_landing_description_txt\">L\u00f6sen Sie das Problem des Platzmangels in Ihrer Wohnung!<\/div>\n<div class=\"smania_landing_description_subtitle\">Dieses unglaubliche M\u00f6belst\u00fcck passt \u00fcberall hin, vom Badezimmer bis zum Wohnzimmer, und verdoppelt Ihren verf\u00fcgbaren Platz!<\/div>\n<div class=\"smania_landing_description_list\">\n<ul>\n<li>Perfekt f\u00fcr enge R\u00e4ume<\/li>\n<li>Gro\u00dfes Fassungsverm\u00f6gen f\u00fcr gr\u00f6\u00dfere Gegenst\u00e4nde (4 Ebenen)<\/li>\n<li>Elegantes Design, das zu jedem Stil passt<\/li>\n<li>Robustes, langlebiges und wasserdichtes Material<\/li>\n<li>Ideal f\u00fcr Hygieneartikel<\/li>\n<\/ul><\/div>\n","protected":false},"excerpt":{"rendered":"<p>Zeitersparnis durch bessere Organisation|Praktischer Taschentuchhalter|Optimiert nutzbare Fl\u00e4chen|Geeignet f\u00fcr Bad und Wohnzimmer|Leicht herausnehmbare Schubladen|Robust, langlebig und wasserdicht|Abmessungen: 78 x 41 x 18 cm|Tragf\u00e4higkeit bis zu 60 kg|Anzahl der Einlegeb\u00f6den: 4|Ausgestattet mit R\u00e4dern<\/p>\n","protected":false},"featured_media":40383,"template":"","meta":[],"product_cat":[16],"product_tag":[1556],"acf":[],"_links":{"self":[{"href":"https:\/\/smania.store\/de\/wp-json\/wp\/v2\/product\/40393"}],"collection":[{"href":"https:\/\/smania.store\/de\/wp-json\/wp\/v2\/product"}],"about":[{"href":"https:\/\/smania.store\/de\/wp-json\/wp\/v2\/types\/product"}],"wp:featuredmedia":[{"embeddable":true,"href":"https:\/\/smania.store\/de\/wp-json\/wp\/v2\/media\/40383"}],"wp:attachment":[{"href":"https:\/\/smania.store\/de\/wp-json\/wp\/v2\/media?parent=40393"}],"wp:term":[{"taxonomy":"product_cat","embeddable":true,"href":"https:\/\/smania.store\/de\/wp-json\/wp\/v2\/product_cat?post=40393"},{"taxonomy":"product_tag","embeddable":true,"href":"https:\/\/smania.store\/de\/wp-json\/wp\/v2\/product_tag?post=40393"}],"curies":[{"name":"wp","href":"https:\/\/api.w.org\/{rel}","templated":true}]}}