{"id":40343,"date":"2025-09-09T08:40:15","date_gmt":"2025-09-09T06:40:15","guid":{"rendered":"https:\/\/smania.store\/de\/produkt\/metalranger-professioneller-metalldetektor\/"},"modified":"2025-09-09T08:40:15","modified_gmt":"2025-09-09T06:40:15","slug":"metalranger-professioneller-metalldetektor","status":"publish","type":"product","link":"https:\/\/smania.store\/de\/produkt\/metalranger-professioneller-metalldetektor\/","title":{"rendered":"MetalRanger\u2122 professioneller Metalldetektor"},"content":{"rendered":"<div class=\"smania_landing_description_title\">NEW: Ultimatives Werkzeug zur Metalldetektion<\/div>\n<div class=\"smania_landing_description_txt\">Jeder Piepton k\u00f6nnte Ihr Schatz sein!<\/div>\n<div class=\"smania_landing_description_subtitle\">Erleben Sie den Nervenkitzel der Entdeckung mit dem MetalRanger\u2122. M\u00fchelose Alarme, ein intuitives Display und eine anpassbare L\u00e4nge sorgen f\u00fcr stundenlangen Spa\u00df beim Aufsp\u00fcren wertvoller Funde.<\/div>\n<div class=\"smania_landing_description_list\">\n<ul>\n<li>M\u00fchelose Metalldetektionswarnungen<\/li>\n<li>\u00dcberlegene Lautst\u00e4rkeregelung f\u00fcr Pr\u00e4zision<\/li>\n<li>Anpassbare L\u00e4nge f\u00fcr ganzt\u00e4gigen Komfort<\/li>\n<li>Schnell ablesbare, intuitive Display-Schnittstelle<\/li>\n<li>Ergonomischer Griff und Ellbogenst\u00fctze<\/li>\n<li>Perfekt f\u00fcr Bastler und Abenteurer<\/li>\n<\/ul><\/div>\n","protected":false},"excerpt":{"rendered":"<p>Ultimativer Komfort mit verstellbarem Vorbau|Tragbares Design|Klare und schnelle Datenanzeige|Komfortables Design f\u00fcr den ganzt\u00e4gigen Gebrauch|Stromversorgung: 2 \u00d7 9V (6F22), Batterien nicht enthalten|Frequenz: 5,0 KHz|Spannung: 7,2-9,6 V|Teleskopl\u00e4nge: 103 cm, Durchmesser des Detektionskopfes: 20 cm<\/p>\n","protected":false},"featured_media":40332,"template":"","meta":[],"product_cat":[21],"product_tag":[1978,2032],"acf":[],"_links":{"self":[{"href":"https:\/\/smania.store\/de\/wp-json\/wp\/v2\/product\/40343"}],"collection":[{"href":"https:\/\/smania.store\/de\/wp-json\/wp\/v2\/product"}],"about":[{"href":"https:\/\/smania.store\/de\/wp-json\/wp\/v2\/types\/product"}],"wp:featuredmedia":[{"embeddable":true,"href":"https:\/\/smania.store\/de\/wp-json\/wp\/v2\/media\/40332"}],"wp:attachment":[{"href":"https:\/\/smania.store\/de\/wp-json\/wp\/v2\/media?parent=40343"}],"wp:term":[{"taxonomy":"product_cat","embeddable":true,"href":"https:\/\/smania.store\/de\/wp-json\/wp\/v2\/product_cat?post=40343"},{"taxonomy":"product_tag","embeddable":true,"href":"https:\/\/smania.store\/de\/wp-json\/wp\/v2\/product_tag?post=40343"}],"curies":[{"name":"wp","href":"https:\/\/api.w.org\/{rel}","templated":true}]}}