{"id":40092,"date":"2025-08-19T07:47:07","date_gmt":"2025-08-19T05:47:07","guid":{"rendered":"https:\/\/smania.store\/de\/produkt\/flyaway-tischventilator-gegen-fliegen-2-stueck\/"},"modified":"2025-08-19T07:47:07","modified_gmt":"2025-08-19T05:47:07","slug":"flyaway-tischventilator-gegen-fliegen-2-stueck","status":"publish","type":"product","link":"https:\/\/smania.store\/de\/produkt\/flyaway-tischventilator-gegen-fliegen-2-stueck\/","title":{"rendered":"FlyAway\u2122 Tischventilator gegen Fliegen &#8211; 2 St\u00fcck"},"content":{"rendered":"<div class=\"smania_landing_description_title\"> NEW: Fliegen m\u00fchelos vertreiben <\/div>\n<div class=\"smania_landing_description_txt\"> Fliegen m\u00fchelos vertreiben: Fliegenfrei in Sekundenschnelle! <\/div>\n<div class=\"smania_landing_description_subtitle\"> Entdecken Sie die Magie des FlyAway\u2122, eines revolution\u00e4ren Ger\u00e4ts, das l\u00e4stige Fliegen m\u00fchelos abwehrt und daf\u00fcr sorgt, dass Ihr Essvergn\u00fcgen nicht gest\u00f6rt wird. <\/div>\n<div class=\"smania_landing_description_list\">\n<ul>\n<li>Sicheres, kinderfreundliches Design<\/li>\n<li>Weiche, nicht sch\u00e4dliche Klingen<\/li>\n<li>Chemiefrei und insektenabweisend<\/li>\n<li>Perfekt f\u00fcr den Einsatz im Innen- und Au\u00dfenbereich<\/li>\n<li>Reflektierende Technologie schreckt Sch\u00e4dlinge ab<\/li>\n<li>Leichte, tragbare L\u00f6sung<\/li>\n<\/ul><\/div>\n","protected":false},"excerpt":{"rendered":"<p>Keine Chemikalien, reine Qualit\u00e4t|Einfach zu benutzen und zu genie\u00dfen|Elegantes und stilvolles Design|Ideal f\u00fcr Picknicks und Barbecues|Batterie ist nicht enthalten|Farbe: Schwarz|Produktgr\u00f6\u00dfe: 9 x 9 x 25 cm|Gewicht des Produkts: 270 g<\/p>\n","protected":false},"featured_media":40080,"template":"","meta":[],"product_cat":[16],"product_tag":[2417],"acf":[],"_links":{"self":[{"href":"https:\/\/smania.store\/de\/wp-json\/wp\/v2\/product\/40092"}],"collection":[{"href":"https:\/\/smania.store\/de\/wp-json\/wp\/v2\/product"}],"about":[{"href":"https:\/\/smania.store\/de\/wp-json\/wp\/v2\/types\/product"}],"wp:featuredmedia":[{"embeddable":true,"href":"https:\/\/smania.store\/de\/wp-json\/wp\/v2\/media\/40080"}],"wp:attachment":[{"href":"https:\/\/smania.store\/de\/wp-json\/wp\/v2\/media?parent=40092"}],"wp:term":[{"taxonomy":"product_cat","embeddable":true,"href":"https:\/\/smania.store\/de\/wp-json\/wp\/v2\/product_cat?post=40092"},{"taxonomy":"product_tag","embeddable":true,"href":"https:\/\/smania.store\/de\/wp-json\/wp\/v2\/product_tag?post=40092"}],"curies":[{"name":"wp","href":"https:\/\/api.w.org\/{rel}","templated":true}]}}