{"id":40044,"date":"2025-08-13T13:55:48","date_gmt":"2025-08-13T11:55:48","guid":{"rendered":"https:\/\/smania.store\/de\/produkt\/excavatemini-mini-elektrischer-bagger-fuer-kinder\/"},"modified":"2026-02-11T21:32:56","modified_gmt":"2026-02-11T20:32:56","slug":"excavatemini-mini-elektrischer-bagger-fuer-kinder","status":"publish","type":"product","link":"https:\/\/smania.store\/de\/produkt\/excavatemini-mini-elektrischer-bagger-fuer-kinder\/","title":{"rendered":"ExcavateMini\u2122 Mini elektrischer Bagger f\u00fcr Kinder"},"content":{"rendered":"<div class=\"smania_landing_description_title\">NEW: Fantasievoller Spa\u00df f\u00fcr Kinder<\/div>\n<div class=\"smania_landing_description_txt\">Entdecken Sie noch heute ihr neues Lieblingsspielzeug!<\/div>\n<div class=\"smania_landing_description_subtitle\">Treten Sie mit ExcavateMini\u2122 in eine Welt der Wunder und des Staunens ein! Dieses fesselnde Spielzeug verspricht, gew\u00f6hnliche Spielzeiten in eine spannende Ausgrabungsreise zu verwandeln. Lassen Sie die Fantasie Ihres Kindes befl\u00fcgeln, w\u00e4hrend es sich durch endlose Abenteuer man\u00f6vriert und dabei wichtige F\u00e4higkeiten entwickelt.<\/div>\n<div class=\"smania_landing_description_list\">\n<ul>\n<li>Regt die Fantasie bei jedem Graben an<\/li>\n<li>P\u00e4dagogisch und spielerisch, alles in einem<\/li>\n<li>Entwickelt Koordination und motorische F\u00e4higkeiten<\/li>\n<li>Stimuliert das r\u00e4umliche Bewusstsein und das Wachstum<\/li>\n<li>L\u00e4sst stundenlang keine Langeweile aufkommen<\/li>\n<li>Leicht, tragbar und einfach zu benutzen<\/li>\n<\/ul><\/div>\n","protected":false},"excerpt":{"rendered":"<p>Perfekt f\u00fcr Kinder jeden Alters|Leicht zu bedienender Batteriebetrieb|Schafft Abenteuer, drinnen oder drau\u00dfen|Robuste, kindersichere Konstruktion|Kompakt, mit auff\u00e4lligem Design|F\u00f6rdert achtsames und aktives Spielen|Lebendige Farben, die Kinder lieben|Abmessungen: 76 x 48 x 34 cm|Gewicht: 5 kg|Belastbarkeit: 50 kg|Besondere Effekte: Soundeffekte, LED-Lichter|Batterie: 6 V \/ 4,5 Ah|Aufladezeit: 8 &#8211; 10 h, \u00fcber USB|F\u00fcr Kinder im Alter von: 2 &#8211; 8 Jahren<\/p>\n","protected":false},"featured_media":40032,"template":"","meta":[],"product_cat":[16,17],"product_tag":[1520,1490],"acf":[],"_links":{"self":[{"href":"https:\/\/smania.store\/de\/wp-json\/wp\/v2\/product\/40044"}],"collection":[{"href":"https:\/\/smania.store\/de\/wp-json\/wp\/v2\/product"}],"about":[{"href":"https:\/\/smania.store\/de\/wp-json\/wp\/v2\/types\/product"}],"wp:featuredmedia":[{"embeddable":true,"href":"https:\/\/smania.store\/de\/wp-json\/wp\/v2\/media\/40032"}],"wp:attachment":[{"href":"https:\/\/smania.store\/de\/wp-json\/wp\/v2\/media?parent=40044"}],"wp:term":[{"taxonomy":"product_cat","embeddable":true,"href":"https:\/\/smania.store\/de\/wp-json\/wp\/v2\/product_cat?post=40044"},{"taxonomy":"product_tag","embeddable":true,"href":"https:\/\/smania.store\/de\/wp-json\/wp\/v2\/product_tag?post=40044"}],"curies":[{"name":"wp","href":"https:\/\/api.w.org\/{rel}","templated":true}]}}