{"id":39942,"date":"2025-08-01T09:37:21","date_gmt":"2025-08-01T07:37:21","guid":{"rendered":"https:\/\/smania.store\/de\/produkt\/moonflower-halbmondfoermiger-pflanzenstaender-mit-beleuchtung\/"},"modified":"2026-01-04T23:22:04","modified_gmt":"2026-01-04T22:22:04","slug":"moonflower-halbmondfoermiger-pflanzenstaender-mit-beleuchtung","status":"publish","type":"product","link":"https:\/\/smania.store\/de\/produkt\/moonflower-halbmondfoermiger-pflanzenstaender-mit-beleuchtung\/","title":{"rendered":"Moonflower\u2122 Halbmondf\u00f6rmiger Pflanzenst\u00e4nder mit Beleuchtung"},"content":{"rendered":"<div class=\"smania_landing_description_title\">NEU: Lassen Sie Ihre Blumen im Dunkeln leuchten!<\/div>\n<div class=\"smania_landing_description_txt\">Beleuchten Sie Ihr Haus, beleuchten Sie Ihre Blumen!<\/div>\n<div class=\"smania_landing_description_subtitle\">Dieses helle, mondf\u00f6rmige Pflanzgef\u00e4\u00df mit UV-Beleuchtung l\u00e4sst Ihre Blumen auch bei fehlendem Sonnenlicht wachsen!<\/div>\n<div class=\"smania_landing_description_list\">\n<ul>\n<li>Mit 2 St\u00fctzen mit einer H\u00f6he von 160 cm<\/li>\n<li>Eingebaute Vollspektrum-Beleuchtung<\/li>\n<li>Robuste Konstruktion aus Edelstahl<\/li>\n<li>6 Pflanzenhalter und 2 Aufh\u00e4ngehaken<\/li>\n<li>Effiziente Regale mit vertikalem Neigungswinkel<\/li>\n<li>Einfache Montage mit beiliegender Anleitung<\/li>\n<li>Das Paket enth\u00e4lt nur einen Pflanzenst\u00e4nder<\/li>\n<\/ul><\/div>\n","protected":false},"excerpt":{"rendered":"<p>Maximiert den vertikalen Raum|Ideal f\u00fcr die Innendekoration|Perfektes Geschenk f\u00fcr Pflanzenliebhaber|Farbe: dunkelbraun, schwarz|Materialien: Massivholz, Eisen|Lieferumfang: ein Pflanzenst\u00e4nder|Abmessungen: 160 x 50 x 30 cm|L\u00e4nge der Lichtleiste: 180 cm|Einstellbare Helligkeit: 10% &#8211; 100%|Automatisches Ein- und Ausschalten: 3 Stunden \/ 9 Stunden \/ 12 Stunden<\/p>\n","protected":false},"featured_media":39930,"template":"","meta":[],"product_cat":[16],"product_tag":[],"acf":[],"_links":{"self":[{"href":"https:\/\/smania.store\/de\/wp-json\/wp\/v2\/product\/39942"}],"collection":[{"href":"https:\/\/smania.store\/de\/wp-json\/wp\/v2\/product"}],"about":[{"href":"https:\/\/smania.store\/de\/wp-json\/wp\/v2\/types\/product"}],"wp:featuredmedia":[{"embeddable":true,"href":"https:\/\/smania.store\/de\/wp-json\/wp\/v2\/media\/39930"}],"wp:attachment":[{"href":"https:\/\/smania.store\/de\/wp-json\/wp\/v2\/media?parent=39942"}],"wp:term":[{"taxonomy":"product_cat","embeddable":true,"href":"https:\/\/smania.store\/de\/wp-json\/wp\/v2\/product_cat?post=39942"},{"taxonomy":"product_tag","embeddable":true,"href":"https:\/\/smania.store\/de\/wp-json\/wp\/v2\/product_tag?post=39942"}],"curies":[{"name":"wp","href":"https:\/\/api.w.org\/{rel}","templated":true}]}}