{"id":39760,"date":"2025-07-01T11:19:16","date_gmt":"2025-07-01T09:19:16","guid":{"rendered":"https:\/\/smania.store\/de\/produkt\/bechair-klappbare-gepolsterte-strandlehne\/"},"modified":"2025-08-29T16:01:40","modified_gmt":"2025-08-29T14:01:40","slug":"bechair-klappbare-gepolsterte-strandlehne","status":"publish","type":"product","link":"https:\/\/smania.store\/de\/produkt\/bechair-klappbare-gepolsterte-strandlehne\/","title":{"rendered":"BECHAIR\u2122 klappbare gepolsterte Strandlehne"},"content":{"rendered":"<div class=\"smania_landing_description_title\">NEU, \u00fcberlegener Komfort und Entspannung an allen Arten von Str\u00e4nden<\/div>\n<div class=\"smania_landing_description_txt\">Legen Sie sich hin oder sitzen Sie bequem, w\u00e4hrend Sie sich am Strand entspannen!<\/div>\n<div class=\"smania_landing_description_subtitle\">  Mehrere verstellbare Positionen mit extra bequemen Kissen, perfekt f\u00fcr alle Arten von Strandoberfl\u00e4chen!  <\/div>\n<div class=\"smania_landing_description_list\">\n<ul>\n<li>Klappbares Design, verstellbar in 5 bequemen Positionen<\/li>\n<li>Dickes und bequemes Polster, ideal f\u00fcr unebenen Untergrund<\/li>\n<li>Strapazierf\u00e4hige, verst\u00e4rkte Basis f\u00fcr zus\u00e4tzliche Belastung<\/li>\n<li>Abnehmbarer, waschbarer, wasserabweisender Bezug<\/li>\n<li>Mit 2 Seitentaschen f\u00fcr Strandutensilien<\/li>\n<li>Leicht und einfach zu tragen<\/li>\n<\/ul><\/div>\n","protected":false},"excerpt":{"rendered":"<p>Rucksack-Tragesystem f\u00fcr einfachen Transport|Der Stoff trocknet schnell \u2013 ohne Aufwand|Zwei praktische Seitentaschen f\u00fcr Essentials|Belastbar bis zu 125 kg|Farbe: Blau \/ Rosa|Material: Edelstahl, 600D Polyester, Schaumstoff|Gewicht: 4 kg|Tragkraft: 125 kg|Gefaltete Ma\u00dfe: 55 x 45 x 15 cm|Entfaltete Ma\u00dfe: 102 x 45 x 7 cm|Verstellbare Winkel: 15\u00b0, 30\u00b0, 45\u00b0, 60\u00b0, 75\u00b0<\/p>\n","protected":false},"featured_media":39748,"template":"","meta":[],"product_cat":[16,21],"product_tag":[1495],"acf":[],"_links":{"self":[{"href":"https:\/\/smania.store\/de\/wp-json\/wp\/v2\/product\/39760"}],"collection":[{"href":"https:\/\/smania.store\/de\/wp-json\/wp\/v2\/product"}],"about":[{"href":"https:\/\/smania.store\/de\/wp-json\/wp\/v2\/types\/product"}],"wp:featuredmedia":[{"embeddable":true,"href":"https:\/\/smania.store\/de\/wp-json\/wp\/v2\/media\/39748"}],"wp:attachment":[{"href":"https:\/\/smania.store\/de\/wp-json\/wp\/v2\/media?parent=39760"}],"wp:term":[{"taxonomy":"product_cat","embeddable":true,"href":"https:\/\/smania.store\/de\/wp-json\/wp\/v2\/product_cat?post=39760"},{"taxonomy":"product_tag","embeddable":true,"href":"https:\/\/smania.store\/de\/wp-json\/wp\/v2\/product_tag?post=39760"}],"curies":[{"name":"wp","href":"https:\/\/api.w.org\/{rel}","templated":true}]}}