{"id":39710,"date":"2025-06-10T14:05:16","date_gmt":"2025-06-10T12:05:16","guid":{"rendered":"https:\/\/smania.store\/de\/produkt\/deskcart-beweglicher-c-foermiger-couchtisch\/"},"modified":"2025-06-10T14:05:16","modified_gmt":"2025-06-10T12:05:16","slug":"deskcart-beweglicher-c-foermiger-couchtisch","status":"publish","type":"product","link":"https:\/\/smania.store\/de\/produkt\/deskcart-beweglicher-c-foermiger-couchtisch\/","title":{"rendered":"DeskCart\u2122 beweglicher C-f\u00f6rmiger Couchtisch"},"content":{"rendered":"<div class=\"smania_landing_description_title\">NEW, verbessert die Wohnkultur<\/div>\n<div class=\"smania_landing_description_txt\">IHR RAUM, IHR STIL, IHR COUCHTISCH<\/div>\n<div class=\"smania_landing_description_subtitle\">Ein M\u00f6belst\u00fcck, das perfekt zu Ihren Bed\u00fcrfnissen passt.<\/div>\n<div class=\"smania_landing_description_list\">\n<ul>\n<li>Kompaktes und platzsparendes Design<\/li>\n<li>Perfekt f\u00fcr Wohnzimmer, Schlafzimmer und B\u00fcro<\/li>\n<li>Leicht zu bewegen mit Universalrollen<\/li>\n<li>Ideale H\u00f6he f\u00fcr Sofas und Betten<\/li>\n<li>Schnelle Montage ohne Werkzeug<\/li>\n<\/ul><\/div>\n","protected":false},"excerpt":{"rendered":"<p>Solide Struktur mit langlebigen Materialien|360-Grad-Rollen f\u00fcr einfache Bewegung|Perfekt f\u00fcr kleine R\u00e4ume und enge Ecken|Leicht zu reinigende und langlebige Oberfl\u00e4che|Farbe: Dunkelbraun|Farbe des Metallrahmens: Schwarz|Gewicht: 3 kg|Abmessungen: 40 \u00d7 28 \u00d7 62 cm<\/p>\n","protected":false},"featured_media":39701,"template":"","meta":[],"product_cat":[16],"product_tag":[2417],"acf":[],"_links":{"self":[{"href":"https:\/\/smania.store\/de\/wp-json\/wp\/v2\/product\/39710"}],"collection":[{"href":"https:\/\/smania.store\/de\/wp-json\/wp\/v2\/product"}],"about":[{"href":"https:\/\/smania.store\/de\/wp-json\/wp\/v2\/types\/product"}],"wp:featuredmedia":[{"embeddable":true,"href":"https:\/\/smania.store\/de\/wp-json\/wp\/v2\/media\/39701"}],"wp:attachment":[{"href":"https:\/\/smania.store\/de\/wp-json\/wp\/v2\/media?parent=39710"}],"wp:term":[{"taxonomy":"product_cat","embeddable":true,"href":"https:\/\/smania.store\/de\/wp-json\/wp\/v2\/product_cat?post=39710"},{"taxonomy":"product_tag","embeddable":true,"href":"https:\/\/smania.store\/de\/wp-json\/wp\/v2\/product_tag?post=39710"}],"curies":[{"name":"wp","href":"https:\/\/api.w.org\/{rel}","templated":true}]}}