{"id":39477,"date":"2025-04-29T07:36:32","date_gmt":"2025-04-29T05:36:32","guid":{"rendered":"https:\/\/smania.store\/de\/produkt\/platzsparendes-badezimmerregal-storemaster\/"},"modified":"2025-04-29T07:36:32","modified_gmt":"2025-04-29T05:36:32","slug":"platzsparendes-badezimmerregal-storemaster","status":"publish","type":"product","link":"https:\/\/smania.store\/de\/produkt\/platzsparendes-badezimmerregal-storemaster\/","title":{"rendered":"Platzsparendes Badezimmerregal StoreMaster\u2122"},"content":{"rendered":"<div class=\"smania_landing_description_title\">NEU: Aktualisieren Sie Ihren Stauraum im Badezimmer!<\/div>\n<div class=\"smania_landing_description_txt\">L\u00f6sen Sie Ihr Platzproblem im Badezimmer!<\/div>\n<div class=\"smania_landing_description_subtitle\">Entdecken Sie, wie Sie mit dem platzsparenden Badezimmerregal StoreMaster\u2122 jede Ecke Ihres Zuhauses umgestalten k\u00f6nnen! Dieses unglaubliche M\u00f6belst\u00fcck ist so konzipiert, dass es \u00fcberall vom Badezimmer bis zum Wohnzimmer passt und den verf\u00fcgbaren Platz verdoppelt. Mit seinen glatten und transparenten Schubladen ist er der ideale Begleiter f\u00fcr die Organisation Ihres Zuhauses. Verpassen Sie nicht Ihre Chance auf ein Leben ohne Unordnung!<\/div>\n<div class=\"smania_landing_description_list\">\n<ul>\n<li>Perfekt f\u00fcr enge R\u00e4ume<\/li>\n<li>Gro\u00dfes Fassungsverm\u00f6gen f\u00fcr gro\u00dfe Gegenst\u00e4nde (3 Ebenen)<\/li>\n<li>Elegantes Design, das zu jedem Stil passt<\/li>\n<li>Robustes, langlebiges und wasserdichtes Material<\/li>\n<li>Perfekt f\u00fcr Hygieneprodukte<\/li>\n<\/ul><\/div>\n","protected":false},"excerpt":{"rendered":"<p>Sparen Sie Zeit durch Organisation|Praktischer Taschentuchbeh\u00e4lter|Nutzfl\u00e4chen optimieren|Geeignet f\u00fcr Bad und Wohnzimmer|Leicht herausnehmbare Schubladen|Robust, langlebig und wasserdicht|Abmessungen: 78 x 41 x 18 cm|Tr\u00e4gt bis zu 60 kg|Anzahl der Regale: 3|Ausgestattet mit R\u00e4dern<\/p>\n","protected":false},"featured_media":39465,"template":"","meta":[],"product_cat":[16],"product_tag":[1556],"acf":[],"_links":{"self":[{"href":"https:\/\/smania.store\/de\/wp-json\/wp\/v2\/product\/39477"}],"collection":[{"href":"https:\/\/smania.store\/de\/wp-json\/wp\/v2\/product"}],"about":[{"href":"https:\/\/smania.store\/de\/wp-json\/wp\/v2\/types\/product"}],"wp:featuredmedia":[{"embeddable":true,"href":"https:\/\/smania.store\/de\/wp-json\/wp\/v2\/media\/39465"}],"wp:attachment":[{"href":"https:\/\/smania.store\/de\/wp-json\/wp\/v2\/media?parent=39477"}],"wp:term":[{"taxonomy":"product_cat","embeddable":true,"href":"https:\/\/smania.store\/de\/wp-json\/wp\/v2\/product_cat?post=39477"},{"taxonomy":"product_tag","embeddable":true,"href":"https:\/\/smania.store\/de\/wp-json\/wp\/v2\/product_tag?post=39477"}],"curies":[{"name":"wp","href":"https:\/\/api.w.org\/{rel}","templated":true}]}}