{"id":39385,"date":"2025-04-10T13:15:59","date_gmt":"2025-04-10T11:15:59","guid":{"rendered":"https:\/\/smania.store\/de\/produkt\/abfluss-und-spuelbeckenreiniger-easyclean\/"},"modified":"2026-04-15T20:39:57","modified_gmt":"2026-04-15T18:39:57","slug":"abfluss-und-spuelbeckenreiniger-easyclean","status":"publish","type":"product","link":"https:\/\/smania.store\/de\/produkt\/abfluss-und-spuelbeckenreiniger-easyclean\/","title":{"rendered":"Abfluss- und Sp\u00fclbeckenreiniger EasyClean"},"content":{"rendered":"<div class=\"smania_landing_description_title\">NEU! EasyClean &#8211; Die perfekte L\u00f6sung zur Beseitigung von Abflussverstopfungen<\/div>\n<div class=\"smania_landing_description_txt\">Befreien Sie Ihr Abwassersystem schnell und effektiv von Verstopfungen.<\/div>\n<div class=\"smania_landing_description_subtitle\">Haben Sie mit verstopften Abfl\u00fcssen zu k\u00e4mpfen, die Ihnen Kopfschmerzen bereiten? EasyClean ist ein leistungsstarker Reiniger, der Ihre Abflussprobleme schnell und einfach l\u00f6sen wird. Die spezielle Formel dieses Reinigungsmittels l\u00f6st effektiv organische Substanzen wie Fett, Haare, Papier, Seifenreste und \u00d6le, die h\u00e4ufig Verstopfungen verursachen. Egal, ob es sich um den Abfluss in der K\u00fcche, in der Toilette oder in der Sp\u00fcle handelt, EasyClean sorgt daf\u00fcr, dass Ihr Sanit\u00e4rsystem einwandfrei funktioniert.<\/div>\n<div class=\"smania_landing_description_list\">\n<ul>\n<li>Beseitigt wirksam Verstopfungen: L\u00f6st hartn\u00e4ckige organische Substanzen auf und stellt den Abfluss schnell wieder her<\/li>\n<li>Sicher f\u00fcr Ihre Rohre: Besch\u00e4digt NICHT Ihre Rohre oder Kl\u00e4rgruben<\/li>\n<li>Leicht zu verwenden: Einfach einf\u00fcllen, ein paar Minuten warten und mit Wasser absp\u00fclen &#8211; schnell und m\u00fchelos<\/li>\n<li>Umweltschonend: Eine Formel, die die Umwelt nicht belastet und das Grundwasser nicht verunreinigt<\/li>\n<li>Spart Zeit und Geld: Vermeiden Sie teure und zeitaufw\u00e4ndige Klempnerdienste<\/li>\n<\/ul><\/div>\n","protected":false},"excerpt":{"rendered":"<p>Schnell und effektiv: L\u00f6st Fett, Haare, Papier und andere Verstopfungen in nur wenigen Minuten|Sicher in der Anwendung: Besch\u00e4digt keine Rohre, Abfl\u00fcsse oder Kl\u00e4ranlagen|Praktische Verpackung: Kompakte 100 g-Verpackung, die sich leicht aufbewahren l\u00e4sst|Lang anhaltende Wirksamkeit: H\u00e4lt Ihr Sanit\u00e4rsystem bei regelm\u00e4\u00dfiger Anwendung in ausgezeichnetem Zustand|Zusammensetzung: Nicht-korrosive Materialien, die f\u00fcr alle Arten von Rohren sicher sind|Verwendung: Geeignet f\u00fcr K\u00fcchenabfl\u00fcsse, Waschbecken, Badewannen, Toiletten und andere Hauptabfl\u00fcsse|Schnelle Wirkung: L\u00f6st Verstopfungen effektiv in nur wenigen Minuten auf|Umweltschonend: Eine Formel, die die Umwelt nicht belastet und die nat\u00fcrlichen Ressourcen sauber h\u00e4lt<\/p>\n","protected":false},"featured_media":39376,"template":"","meta":[],"product_cat":[16,223,2568],"product_tag":[1556,2417,2569],"acf":[],"_links":{"self":[{"href":"https:\/\/smania.store\/de\/wp-json\/wp\/v2\/product\/39385"}],"collection":[{"href":"https:\/\/smania.store\/de\/wp-json\/wp\/v2\/product"}],"about":[{"href":"https:\/\/smania.store\/de\/wp-json\/wp\/v2\/types\/product"}],"wp:featuredmedia":[{"embeddable":true,"href":"https:\/\/smania.store\/de\/wp-json\/wp\/v2\/media\/39376"}],"wp:attachment":[{"href":"https:\/\/smania.store\/de\/wp-json\/wp\/v2\/media?parent=39385"}],"wp:term":[{"taxonomy":"product_cat","embeddable":true,"href":"https:\/\/smania.store\/de\/wp-json\/wp\/v2\/product_cat?post=39385"},{"taxonomy":"product_tag","embeddable":true,"href":"https:\/\/smania.store\/de\/wp-json\/wp\/v2\/product_tag?post=39385"}],"curies":[{"name":"wp","href":"https:\/\/api.w.org\/{rel}","templated":true}]}}