{"id":39374,"date":"2025-04-10T13:14:30","date_gmt":"2025-04-10T11:14:30","guid":{"rendered":"https:\/\/smania.store\/de\/produkt\/bodenemulsion-floor-max\/"},"modified":"2026-04-20T20:10:00","modified_gmt":"2026-04-20T18:10:00","slug":"bodenemulsion-floor-max","status":"publish","type":"product","link":"https:\/\/smania.store\/de\/produkt\/bodenemulsion-floor-max\/","title":{"rendered":"Bodenemulsion Floor Max"},"content":{"rendered":"<div class=\"smania_landing_description_title\">NEU! Floor Max &#8211; Perfekte Sauberkeit f\u00fcr Ihren Boden<\/div>\n<div class=\"smania_landing_description_txt\">Langanhaltende Sauberkeit und Schutz f\u00fcr alle Bodenoberfl\u00e4chen<\/div>\n<div class=\"smania_landing_description_subtitle\">Sie m\u00f6chten, dass Ihre B\u00f6den im besten Licht erstrahlen, unabh\u00e4ngig von der Art des Untergrunds? Floor Max ist ein \u00e4u\u00dferst wirksamer Reiniger, der f\u00fcr die Tiefenreinigung und Wiederherstellung aller Arten von Bodenbel\u00e4gen entwickelt wurde. Er entfernt hartn\u00e4ckige Flecken, Schmutz und Fett und sorgt daf\u00fcr, dass Ihre B\u00f6den gl\u00e4nzen und frisch aussehen. Floor Max ist die ideale Wahl f\u00fcr private und gewerbliche R\u00e4ume und sorgt f\u00fcr lang anhaltende Sauberkeit und Schutz.<\/div>\n<div class=\"smania_landing_description_list\">\n<ul>\n<li>Vielseitig einsetzbar: Geeignet f\u00fcr alle Arten von Bodenbel\u00e4gen, einschlie\u00dflich Fliesen, Parkett, Laminat und Vinyl<\/li>\n<li>Au\u00dfergew\u00f6hnliche Reinigungskraft: Entfernt schnell Flecken und Schmutz, ohne die Oberfl\u00e4che zu besch\u00e4digen<\/li>\n<li>Einfach zu verwenden: Einfach auftragen und wischen &#8211; Ihre B\u00f6den werden wie neu aussehen<\/li>\n<li>Frischer Duft: Hinterl\u00e4sst einen angenehmen und lang anhaltenden frischen Duft<\/li>\n<li>Langanhaltender Schutz: Erzeugt eine Schutzschicht, die die erneute Ansammlung von Schmutz verhindert<\/li>\n<\/ul><\/div>\n","protected":false},"excerpt":{"rendered":"<p>Tiefenreinigung: Entfernt effektiv Schmutz und Flecken von Bodenoberfl\u00e4chen|Lang anhaltende Frische: Hinterl\u00e4sst einen lang anhaltenden frischen Duft und Glanz|Ideal f\u00fcr alle Arten von Bodenoberfl\u00e4chen, auch f\u00fcr empfindliche Materialien|Schnell und einfach in der Anwendung, kein Nachsp\u00fclen erforderlich|Volumen: 500 ml, ausreichend f\u00fcr mehrere Anwendungen|Umweltfreundlich: Formel frei von sch\u00e4dlichen Chemikalien|Geeignet f\u00fcr alle Arten von B\u00f6den: Von Fliesen bis Holz, sorgt f\u00fcr perfekte Sauberkeit und Schutz|Schnell trocknend: Die Oberfl\u00e4chen trocknen nach der Reinigung schnell und sind sicher in der Anwendung<\/p>\n","protected":false},"featured_media":39361,"template":"","meta":[],"product_cat":[16,2568],"product_tag":[2417,2569],"acf":[],"_links":{"self":[{"href":"https:\/\/smania.store\/de\/wp-json\/wp\/v2\/product\/39374"}],"collection":[{"href":"https:\/\/smania.store\/de\/wp-json\/wp\/v2\/product"}],"about":[{"href":"https:\/\/smania.store\/de\/wp-json\/wp\/v2\/types\/product"}],"wp:featuredmedia":[{"embeddable":true,"href":"https:\/\/smania.store\/de\/wp-json\/wp\/v2\/media\/39361"}],"wp:attachment":[{"href":"https:\/\/smania.store\/de\/wp-json\/wp\/v2\/media?parent=39374"}],"wp:term":[{"taxonomy":"product_cat","embeddable":true,"href":"https:\/\/smania.store\/de\/wp-json\/wp\/v2\/product_cat?post=39374"},{"taxonomy":"product_tag","embeddable":true,"href":"https:\/\/smania.store\/de\/wp-json\/wp\/v2\/product_tag?post=39374"}],"curies":[{"name":"wp","href":"https:\/\/api.w.org\/{rel}","templated":true}]}}