{"id":39350,"date":"2025-04-10T13:12:33","date_gmt":"2025-04-10T11:12:33","guid":{"rendered":"https:\/\/smania.store\/de\/produkt\/dichtungsspray-leak-proof\/"},"modified":"2025-04-10T13:12:33","modified_gmt":"2025-04-10T11:12:33","slug":"dichtungsspray-leak-proof","status":"publish","type":"product","link":"https:\/\/smania.store\/de\/produkt\/dichtungsspray-leak-proof\/","title":{"rendered":"Dichtungsspray Leak Proof"},"content":{"rendered":"<div class=\"smania_landing_description_title\">NEU! Leak Proof &#8211; Die perfekte L\u00f6sung f\u00fcr alle Ihre Lecks<\/div>\n<div class=\"smania_landing_description_txt\">Lecks und Risse im Handumdrehen wirksam abdichten<\/div>\n<div class=\"smania_landing_description_subtitle\">Sind Sie es leid, sich st\u00e4ndig mit undichten Stellen, Rissen und Spalten in Ihrem Haus oder Fahrzeug herumzuschlagen? Dieses au\u00dfergew\u00f6hnliche Dichtungsspray bietet erstklassigen Schutz und ist vielseitig einsetzbar. Einfach, schnell und effektiv &#8211; beheben Sie Lecks in Sekundenschnelle, ohne teure professionelle Dienstleistungen in Anspruch nehmen zu m\u00fcssen.<\/div>\n<div class=\"smania_landing_description_list\">\n<ul>\n<li>Au\u00dfergew\u00f6hnliche Wetterbest\u00e4ndigkeit: Leak Proof Dichtungsspray ist so konzipiert, dass es allen Wetterbedingungen standh\u00e4lt, von hei\u00dfen Sommern bis zu kalten Wintern, ohne zu rei\u00dfen oder abzubl\u00e4ttern<\/li>\n<li>V\u00f6llig wasserdicht: Erzeugt eine undurchl\u00e4ssige Barriere, die Wasser vollst\u00e4ndig abweist und das Eindringen von Feuchtigkeit verhindert<\/li>\n<li>Unerreichte Vielseitigkeit: Zum F\u00fcllen von L\u00f6chern in Fenstern, Rissen in Badezimmerfliesen oder Lecks in Ihrem Fahrzeug<\/li>\n<li>Leicht zu verwenden: Einfach das Spray auftragen, die Dichtung formen und trocknen lassen &#8211; keine M\u00fche, keine Sauerei<\/li>\n<li>Lang anhaltender Schutz: Erzeugt eine dauerhafte, flexible Versiegelung, die selbst den h\u00e4rtesten Bedingungen standh\u00e4lt<\/li>\n<\/ul><\/div>\n","protected":false},"excerpt":{"rendered":"<p>Dauerhafter Schutz: Das Versiegelungsspray bietet lang anhaltenden Schutz, der bei Sommerhitze nicht aufweicht und bei Winterk\u00e4lte nicht rei\u00dft oder abbl\u00e4ttert|Vielseitig einsetzbar: Geeignet f\u00fcr Holz, Metall, Fliesen, Stoffe, Glas, Kunststoff, Aluminium, Porzellan, Trockenbauw\u00e4nde, Zement und mehr|Pr\u00e4zise Anwendung: Die pr\u00e4zise D\u00fcse erm\u00f6glicht ein kontrolliertes Auftragen ohne Material\u00fcberschuss|Industrielle Qualit\u00e4t: Sowohl Heimwerker als auch Profis vertrauen darauf und machen es zu einer f\u00fchrenden Wahl in der Branche|Volumen: 375 ml, ausreichend f\u00fcr mehrere Projekte|Schnelle Trocknung: Effektive Versiegelung in Minutenschnelle, ohne zus\u00e4tzliches Werkzeug|Undurchl\u00e4ssiger Schutz: Witterungsbest\u00e4ndig und vollst\u00e4ndig wasserdicht f\u00fcr lang anhaltenden Schutz|Verwendung: Ideal f\u00fcr H\u00e4user, Fahrzeuge, Boote und andere Anwendungen, bei denen eine zuverl\u00e4ssige Abdichtung erforderlich ist<\/p>\n","protected":false},"featured_media":39341,"template":"","meta":[],"product_cat":[16,2568],"product_tag":[2570,2417],"acf":[],"_links":{"self":[{"href":"https:\/\/smania.store\/de\/wp-json\/wp\/v2\/product\/39350"}],"collection":[{"href":"https:\/\/smania.store\/de\/wp-json\/wp\/v2\/product"}],"about":[{"href":"https:\/\/smania.store\/de\/wp-json\/wp\/v2\/types\/product"}],"wp:featuredmedia":[{"embeddable":true,"href":"https:\/\/smania.store\/de\/wp-json\/wp\/v2\/media\/39341"}],"wp:attachment":[{"href":"https:\/\/smania.store\/de\/wp-json\/wp\/v2\/media?parent=39350"}],"wp:term":[{"taxonomy":"product_cat","embeddable":true,"href":"https:\/\/smania.store\/de\/wp-json\/wp\/v2\/product_cat?post=39350"},{"taxonomy":"product_tag","embeddable":true,"href":"https:\/\/smania.store\/de\/wp-json\/wp\/v2\/product_tag?post=39350"}],"curies":[{"name":"wp","href":"https:\/\/api.w.org\/{rel}","templated":true}]}}