{"id":39339,"date":"2025-04-10T13:10:15","date_gmt":"2025-04-10T11:10:15","guid":{"rendered":"https:\/\/smania.store\/de\/produkt\/leak-stop-clear-xl-wasserdichte-dichtungsmasse\/"},"modified":"2026-04-08T20:18:19","modified_gmt":"2026-04-08T18:18:19","slug":"leak-stop-clear-xl-wasserdichte-dichtungsmasse","status":"publish","type":"product","link":"https:\/\/smania.store\/de\/produkt\/leak-stop-clear-xl-wasserdichte-dichtungsmasse\/","title":{"rendered":"Leak Stop Clear XL Wasserdichte Dichtungsmasse"},"content":{"rendered":"<div class=\"smania_landing_description_title\">NEU! Der perfekte wasserdichte Schutz f\u00fcr alle Oberfl\u00e4chen<\/div>\n<div class=\"smania_landing_description_txt\">Risse in einem einfachen Schritt reparieren<\/div>\n<div class=\"smania_landing_description_subtitle\">Mit dieser innovativen, transparenten Dichtungsmasse k\u00f6nnen Sie Risse und L\u00f6cher schnell reparieren und eine Vielzahl von kritischen Oberfl\u00e4chen vor Feuchtigkeit und Rost sch\u00fctzen. Lassen Sie nicht zu, dass Feuchtigkeit oder Korrosion Ihr Eigentum besch\u00e4digt &#8211; sorgen Sie f\u00fcr dauerhaften Schutz.<\/div>\n<div class=\"smania_landing_description_list\">\n<ul>\n<li>Bietet lang anhaltenden Schutz vor Feuchtigkeit<\/li>\n<li>Trocknet schnell und bleibt flexibel<\/li>\n<li>Unsichtbar auf den meisten Oberfl\u00e4chen<\/li>\n<li>Kann auf einer Vielzahl von Materialien verwendet werden<\/li>\n<li>Geeignet als d\u00fcnne Beschichtung und zum F\u00fcllen kleinerer Risse<\/li>\n<\/ul><\/div>\n","protected":false},"excerpt":{"rendered":"<p>Langanhaltender Schutz gegen Feuchtigkeit und Rost|Unsichtbare Anwendung f\u00fcr ein \u00e4sthetisches Erscheinungsbild|Schnell trocknende und flexible Formel|Geeignet f\u00fcr Innen- und Au\u00dfenfl\u00e4chen|Transluzente Farbe f\u00fcr unsichtbare Anwendung|Kann auf einer Vielzahl von Materialien wie Metall, Beton, Kunststoff usw. verwendet werden|Flexible Anwendung &#8211; kann mit Pinsel, Rolle oder direkt aufgetragen werden|Best\u00e4ndig gegen extreme Wetterbedingungen und UV-Strahlen|Volumen: 300 ml, ausreichend f\u00fcr bis zu 5 m\u00b2 Fl\u00e4che|HINWEIS: das Produkt erscheint auch nach dem Auftragen wei\u00df, wird aber nach dem Trocknen transparent<\/p>\n","protected":false},"featured_media":39328,"template":"","meta":[],"product_cat":[16,2568],"product_tag":[2570,1495],"acf":[],"_links":{"self":[{"href":"https:\/\/smania.store\/de\/wp-json\/wp\/v2\/product\/39339"}],"collection":[{"href":"https:\/\/smania.store\/de\/wp-json\/wp\/v2\/product"}],"about":[{"href":"https:\/\/smania.store\/de\/wp-json\/wp\/v2\/types\/product"}],"wp:featuredmedia":[{"embeddable":true,"href":"https:\/\/smania.store\/de\/wp-json\/wp\/v2\/media\/39328"}],"wp:attachment":[{"href":"https:\/\/smania.store\/de\/wp-json\/wp\/v2\/media?parent=39339"}],"wp:term":[{"taxonomy":"product_cat","embeddable":true,"href":"https:\/\/smania.store\/de\/wp-json\/wp\/v2\/product_cat?post=39339"},{"taxonomy":"product_tag","embeddable":true,"href":"https:\/\/smania.store\/de\/wp-json\/wp\/v2\/product_tag?post=39339"}],"curies":[{"name":"wp","href":"https:\/\/api.w.org\/{rel}","templated":true}]}}