{"id":39261,"date":"2025-04-10T12:59:01","date_gmt":"2025-04-10T10:59:01","guid":{"rendered":"https:\/\/smania.store\/de\/produkt\/kratzerentferner-nano-polish\/"},"modified":"2026-04-15T10:27:02","modified_gmt":"2026-04-15T08:27:02","slug":"kratzerentferner-nano-polish","status":"publish","type":"product","link":"https:\/\/smania.store\/de\/produkt\/kratzerentferner-nano-polish\/","title":{"rendered":"Kratzerentferner Nano Polish"},"content":{"rendered":"<div class=\"smania_landing_description_title\">NEU! Nano Polish &#8211; Damit Ihr Auto wieder wie neu aussieht<\/div>\n<div class=\"smania_landing_description_txt\">Entfernen Sie Kratzer m\u00fchelos mit einer Wunderformel<\/div>\n<div class=\"smania_landing_description_subtitle\">Haben Sie Kratzer an Ihrem Auto bemerkt, die sein Aussehen beeintr\u00e4chtigen? Nano Polish ist da, um zu helfen! Dieses revolution\u00e4re Produkt erm\u00f6glicht es Ihnen, Kratzer selbst zu entfernen und den Glanz Ihres Autos wiederherzustellen. Sie brauchen keine teuren Besuche in der Karosseriewerkstatt &#8211; tragen Sie einfach Nano Polish auf und beobachten Sie, wie die Kratzer in Sekundenschnelle verschwinden.<\/div>\n<div class=\"smania_landing_description_list\">\n<ul>\n<li>Schnelle Kratzerentfernung: Mit Nano Polish k\u00f6nnen Sie Kratzer in Sekundenschnelle entfernen und den Glanz Ihres Autos wiederherstellen<\/li>\n<li>Einfach zu verwenden: Keine komplizierten Verfahren &#8211; einfach auftragen und abwischen<\/li>\n<li>Lang anhaltender Schutz: Nach der Entfernung von Kratzern sch\u00fctzt es Ihr Auto vor weiteren Sch\u00e4den<\/li>\n<li>Spart Zeit und Geld: Vergessen Sie teure Reparaturen &#8211; Nano Polish ist eine schnelle und kosteng\u00fcnstige L\u00f6sung<\/li>\n<li>Sicher f\u00fcr Ihr Auto: Frei von sch\u00e4dlichen Chemikalien, die die Karosserie Ihres Fahrzeugs besch\u00e4digen k\u00f6nnten<\/li>\n<\/ul><\/div>\n","protected":false},"excerpt":{"rendered":"<p>Schnelle Wirkung: Kratzer werden in Sekundenschnelle entfernt, und Ihr Auto gl\u00e4nzt wieder wie neu|Bequem und effektiv: Die ideale L\u00f6sung, wenn Sie nicht die Zeit oder die Mittel f\u00fcr eine Fahrt in die Werkstatt haben|Lang anhaltender Schutz: Stellt nicht nur Ihr Auto wieder her, sondern sch\u00fctzt es auch vor zuk\u00fcnftigen Sch\u00e4den|Einfach zu verwenden: F\u00fcr die Anwendung zu Hause konzipiert, keine Spezialwerkzeuge erforderlich|Volumen: 30 ml, ausreichend f\u00fcr mehrere Anwendungen|Vielseitigkeit: Geeignet f\u00fcr alle Arten von Autooberfl\u00e4chen|Umweltfreundlich: Frei von aggressiven Chemikalien, sicher f\u00fcr den Gebrauch zu Hause|Hohe Wirksamkeit: Garantierte Ergebnisse, die Sie nicht entt\u00e4uschen werden<\/p>\n","protected":false},"featured_media":39251,"template":"","meta":[],"product_cat":[18,2568],"product_tag":[2572,1493],"acf":[],"_links":{"self":[{"href":"https:\/\/smania.store\/de\/wp-json\/wp\/v2\/product\/39261"}],"collection":[{"href":"https:\/\/smania.store\/de\/wp-json\/wp\/v2\/product"}],"about":[{"href":"https:\/\/smania.store\/de\/wp-json\/wp\/v2\/types\/product"}],"wp:featuredmedia":[{"embeddable":true,"href":"https:\/\/smania.store\/de\/wp-json\/wp\/v2\/media\/39251"}],"wp:attachment":[{"href":"https:\/\/smania.store\/de\/wp-json\/wp\/v2\/media?parent=39261"}],"wp:term":[{"taxonomy":"product_cat","embeddable":true,"href":"https:\/\/smania.store\/de\/wp-json\/wp\/v2\/product_cat?post=39261"},{"taxonomy":"product_tag","embeddable":true,"href":"https:\/\/smania.store\/de\/wp-json\/wp\/v2\/product_tag?post=39261"}],"curies":[{"name":"wp","href":"https:\/\/api.w.org\/{rel}","templated":true}]}}