{"id":39183,"date":"2025-04-10T12:44:33","date_gmt":"2025-04-10T10:44:33","guid":{"rendered":"https:\/\/smania.store\/de\/produkt\/hochglanz-reparatur-und-veredelungsloesung-autogloss\/"},"modified":"2025-06-10T13:06:18","modified_gmt":"2025-06-10T11:06:18","slug":"hochglanz-reparatur-und-veredelungsloesung-autogloss","status":"publish","type":"product","link":"https:\/\/smania.store\/de\/produkt\/hochglanz-reparatur-und-veredelungsloesung-autogloss\/","title":{"rendered":"Hochglanz-Reparatur- und Veredelungsl\u00f6sung AutoGloss"},"content":{"rendered":"<div class=\"smania_landing_description_title\">NEU! AutoGloss &#8211; Hochglanz-Reparatur- und Veredelungsl\u00f6sung<\/div>\n<div class=\"smania_landing_description_txt\">Die innovative 3-in-1-Formel f\u00fcllt Kratzer und Unebenheiten auf!<\/div>\n<div class=\"smania_landing_description_subtitle\">AutoGloss ist die perfekte 3-in-1-L\u00f6sung f\u00fcr Ihr Fahrzeug! Diese leistungsstarke, selbstnivellierende Schutzbeschichtung repariert nicht nur Oberfl\u00e4chenfehler, sondern sorgt auch f\u00fcr ein hochgl\u00e4nzendes Finish und lang anhaltenden Schutz! \ud83d\ude97\u2728<\/div>\n<div class=\"smania_landing_description_list\">\n<ul>\n<li>Gl\u00e4ttet und f\u00fcllt m\u00fchelos Unebenheiten der Oberfl\u00e4che<\/li>\n<li>Unterstreicht Tiefe und Reichtum der Farbe<\/li>\n<li>Bietet UV-Schutz und beugt Rost vor<\/li>\n<li>Schnelle und effektive L\u00f6sung zur Wiederherstellung des makellosen Aussehens Ihres Fahrzeugs<\/li>\n<li>Keine professionellen Dienstleistungen erforderlich<\/li>\n<\/ul><\/div>\n","protected":false},"excerpt":{"rendered":"<p>Dauerhafte Beschichtung, die Ihr Fahrzeug vor UV-Strahlung und Rost sch\u00fctzt|Stellt den Glanz und den Reichtum der Farbe Ihres Fahrzeugs wieder her|Gl\u00e4ttet und f\u00fcllt Oberfl\u00e4chenkratzer und Unebenheiten aus|Lang anhaltende Effekte|Einfache Anwendung: mit einem Schwamm auf die Fahrzeugoberfl\u00e4che auftragen|Inhalt: 150 ml|Haltbarkeitsdauer: 3 Jahre<\/p>\n","protected":false},"featured_media":39690,"template":"","meta":[],"product_cat":[18,2568],"product_tag":[2572,2569,1493],"acf":[],"_links":{"self":[{"href":"https:\/\/smania.store\/de\/wp-json\/wp\/v2\/product\/39183"}],"collection":[{"href":"https:\/\/smania.store\/de\/wp-json\/wp\/v2\/product"}],"about":[{"href":"https:\/\/smania.store\/de\/wp-json\/wp\/v2\/types\/product"}],"wp:featuredmedia":[{"embeddable":true,"href":"https:\/\/smania.store\/de\/wp-json\/wp\/v2\/media\/39690"}],"wp:attachment":[{"href":"https:\/\/smania.store\/de\/wp-json\/wp\/v2\/media?parent=39183"}],"wp:term":[{"taxonomy":"product_cat","embeddable":true,"href":"https:\/\/smania.store\/de\/wp-json\/wp\/v2\/product_cat?post=39183"},{"taxonomy":"product_tag","embeddable":true,"href":"https:\/\/smania.store\/de\/wp-json\/wp\/v2\/product_tag?post=39183"}],"curies":[{"name":"wp","href":"https:\/\/api.w.org\/{rel}","templated":true}]}}