{"id":39171,"date":"2025-04-10T12:43:04","date_gmt":"2025-04-10T10:43:04","guid":{"rendered":"https:\/\/smania.store\/de\/produkt\/flexibles-polyharnstoff-fugendichtmittel-groutpro-1-kg\/"},"modified":"2025-10-11T11:56:11","modified_gmt":"2025-10-11T09:56:11","slug":"flexibles-polyharnstoff-fugendichtmittel-groutpro-1-kg","status":"publish","type":"product","link":"https:\/\/smania.store\/de\/produkt\/flexibles-polyharnstoff-fugendichtmittel-groutpro-1-kg\/","title":{"rendered":"Flexibles Polyharnstoff-Fugendichtmittel GroutPro\u2122 (1 kg)"},"content":{"rendered":"<div class=\"smania_landing_description_title\">Erstaunliche Innovation! Perfektes Dichtmittel f\u00fcr W\u00e4nde und Fugen!<\/div>\n<div class=\"smania_landing_description_txt\">Versiegeln Sie Risse in wenigen Minuten mit einem langlebigen und flexiblen Dichtmittel!<\/div>\n<div class=\"smania_landing_description_subtitle\">Vergessen Sie Lecks und Risse! Mit unserem Dichtmittel GroutPro\u2122 l\u00f6sen Sie schnell alle Probleme mit gerissenen W\u00e4nden, Fugen und Undichtigkeiten. Dieses revolution\u00e4re Polyharnstoff-Polymerdichtmittel bietet jahrelang wasserdichten Schutz und Zuverl\u00e4ssigkeit. Warten Sie nicht, machen Sie Ihr Zuhause dicht!<\/div>\n<div class=\"smania_landing_description_list\">\n<ul>\n<li>Zum Abdichten von Rissen und Dehnungsfugen<\/li>\n<li>Sofortige und langanhaltende Abdichtung<\/li>\n<li>Wasserdicht und wetterbest\u00e4ndig<\/li>\n<li>Einfache Anwendung, kein Fachmann erforderlich<\/li>\n<li>F\u00fcr den Innen- und Au\u00dfenbereich geeignet<\/li>\n<li>Hochelastisch und langlebig<\/li>\n<\/ul><\/div>\n","protected":false},"excerpt":{"rendered":"<p>Best\u00e4ndig gegen extreme Temperaturen|Druckbest\u00e4ndig, verformt sich nicht und rei\u00dft nicht|Wasserdicht und wetterbest\u00e4ndig|Sichere Anwendung auf allen Oberfl\u00e4chen|Schutz vor Feuchtigkeit und Schimmel|Anti-Aging- und hochelastische Formel|Ungiftig, geruchlos und sicher f\u00fcr Mensch und Tier|Hohe Effizienz und Zuverl\u00e4ssigkeit f\u00fcr langanhaltende Reparaturen|Perfekt f\u00fcr den professionellen und privaten Gebrauch|Ideal f\u00fcr Reparaturen und Renovierungen|Schnelles Abbinden, kein Schrumpfen|F\u00fcr Trockenanwendungen geeignet|Sicher und unbedenklich|Inhalt: 1 kg (reicht f\u00fcr 1 bis 2 m2, je nach Schichtdicke, Breite und Tiefe der Risse)<\/p>\n","protected":false},"featured_media":39159,"template":"","meta":[],"product_cat":[16,2568],"product_tag":[2570,1495],"acf":[],"_links":{"self":[{"href":"https:\/\/smania.store\/de\/wp-json\/wp\/v2\/product\/39171"}],"collection":[{"href":"https:\/\/smania.store\/de\/wp-json\/wp\/v2\/product"}],"about":[{"href":"https:\/\/smania.store\/de\/wp-json\/wp\/v2\/types\/product"}],"wp:featuredmedia":[{"embeddable":true,"href":"https:\/\/smania.store\/de\/wp-json\/wp\/v2\/media\/39159"}],"wp:attachment":[{"href":"https:\/\/smania.store\/de\/wp-json\/wp\/v2\/media?parent=39171"}],"wp:term":[{"taxonomy":"product_cat","embeddable":true,"href":"https:\/\/smania.store\/de\/wp-json\/wp\/v2\/product_cat?post=39171"},{"taxonomy":"product_tag","embeddable":true,"href":"https:\/\/smania.store\/de\/wp-json\/wp\/v2\/product_tag?post=39171"}],"curies":[{"name":"wp","href":"https:\/\/api.w.org\/{rel}","templated":true}]}}