{"id":39156,"date":"2025-04-10T12:35:38","date_gmt":"2025-04-10T10:35:38","guid":{"rendered":"https:\/\/smania.store\/de\/produkt\/hydrophobe-windschutzscheibenfluessigkeit-visionguard\/"},"modified":"2025-04-10T12:35:38","modified_gmt":"2025-04-10T10:35:38","slug":"hydrophobe-windschutzscheibenfluessigkeit-visionguard","status":"publish","type":"product","link":"https:\/\/smania.store\/de\/produkt\/hydrophobe-windschutzscheibenfluessigkeit-visionguard\/","title":{"rendered":"Hydrophobe Windschutzscheibenfl\u00fcssigkeit VisionGuard\u2122"},"content":{"rendered":"<div class=\"smania_landing_description_title\">NEU! Rundumschutz f\u00fcr Ihr Glas<\/div>\n<div class=\"smania_landing_description_txt\">Perfekte Sicht auch bei Regen und Nebel!<\/div>\n<div class=\"smania_landing_description_subtitle\">Sorgen Sie f\u00fcr perfekte Sicht im Stra\u00dfenverkehr! VisionGuard\u2122 bildet eine Schutzschicht auf dem Glas, die Regen, Schmutz, Staub, Nebel und Fl\u00fcssigkeiten abweist. Sie ist einfach aufzutragen, h\u00e4lt wochenlang und ist bis -25\u00b0C best\u00e4ndig. Sorgen Sie noch heute f\u00fcr Ihre Fahrsicherheit!<\/div>\n<div class=\"smania_landing_description_list\">\n<ul>\n<li>Sorgt f\u00fcr eine klare Sicht durch das Glas<\/li>\n<li>Erzeugt eine lang anhaltende Schutzschicht<\/li>\n<li>Weist wirksam Wasser (Regen, Nebel) und Schmutz ab<\/li>\n<li>Perfekt f\u00fcr Karosserie und Glas<\/li>\n<li>Widerstandsf\u00e4hig gegen Temperaturen bis zu -25\u00b0C<\/li>\n<li>Sicher und einfach in der Anwendung, keine sch\u00e4dlichen Chemikalien<\/li>\n<\/ul><\/div>\n","protected":false},"excerpt":{"rendered":"<p>Optimale Sicht bei allen Bedingungen|Erh\u00f6hte Sicherheit beim Fahren|Einfache Anwendung: direkt auftragen oder in Wischwasser verd\u00fcnnen|Widerstandsf\u00e4hig gegen niedrige Temperaturen|Schutz f\u00fcr Scheiben und Karosserie, der wochenlang anh\u00e4lt|Entfernt hartn\u00e4ckige Verschmutzungen und stellt den Glanz der Scheiben wieder her|Reizt nicht die Haut|Weist Regen, Staub und Schmutz ab|Ideal f\u00fcr alle Jahreszeiten|Volumen: 1 L &#8211; ausreichend f\u00fcr mehrere Anwendungen<\/p>\n","protected":false},"featured_media":39148,"template":"","meta":[],"product_cat":[18,2568],"product_tag":[2572,2569,1493],"acf":[],"_links":{"self":[{"href":"https:\/\/smania.store\/de\/wp-json\/wp\/v2\/product\/39156"}],"collection":[{"href":"https:\/\/smania.store\/de\/wp-json\/wp\/v2\/product"}],"about":[{"href":"https:\/\/smania.store\/de\/wp-json\/wp\/v2\/types\/product"}],"wp:featuredmedia":[{"embeddable":true,"href":"https:\/\/smania.store\/de\/wp-json\/wp\/v2\/media\/39148"}],"wp:attachment":[{"href":"https:\/\/smania.store\/de\/wp-json\/wp\/v2\/media?parent=39156"}],"wp:term":[{"taxonomy":"product_cat","embeddable":true,"href":"https:\/\/smania.store\/de\/wp-json\/wp\/v2\/product_cat?post=39156"},{"taxonomy":"product_tag","embeddable":true,"href":"https:\/\/smania.store\/de\/wp-json\/wp\/v2\/product_tag?post=39156"}],"curies":[{"name":"wp","href":"https:\/\/api.w.org\/{rel}","templated":true}]}}