{"id":39122,"date":"2025-04-10T12:33:29","date_gmt":"2025-04-10T10:33:29","guid":{"rendered":"https:\/\/smania.store\/de\/produkt\/schimmelentferner-gel-banishmold-100-ml\/"},"modified":"2025-04-10T12:34:13","modified_gmt":"2025-04-10T10:34:13","slug":"schimmelentferner-gel-banishmold-100-ml","status":"publish","type":"product","link":"https:\/\/smania.store\/de\/produkt\/schimmelentferner-gel-banishmold-100-ml\/","title":{"rendered":"Schimmelentferner-Gel BanishMold\u2122 (100 ml)"},"content":{"rendered":"<div class=\"smania_landing_description_title\">NEU: Beseitigen Sie schmutzige N\u00e4hte und hartn\u00e4ckigen Schimmel<\/div>\n<div class=\"smania_landing_description_txt\">Verabschieden Sie sich von Schrubben und sch\u00e4dlichen Chemikalien<\/div>\n<div class=\"smania_landing_description_subtitle\">BanishMold\u2122 ist so konzipiert, dass es wirksam, sicher und einfach anzuwenden ist, damit Sie mit minimalem Aufwand Sauberkeit und Frische in Ihren R\u00e4umen wiederherstellen k\u00f6nnen.<\/div>\n<div class=\"smania_landing_description_list\">\n<ul>\n<li>Scheuerfrei, l\u00f6st Schimmelflecken schnell auf<\/li>\n<li>Dringt tief in Fugen und Fliesenecken ein und bek\u00e4mpft Schimmel effektiv<\/li>\n<li>Entfernt Flecken und verhindert zuk\u00fcnftiges Wachstum<\/li>\n<li>Perfekt f\u00fcr B\u00e4der, K\u00fcchen, Fliesenfugen, Waschmaschinen, K\u00fchlschr\u00e4nke, Duschen, Waschbecken und Dichtungen<\/li>\n<li>H\u00e4lt Ihr Zuhause l\u00e4nger schimmelfrei und sorgt f\u00fcr eine ges\u00fcndere Umgebung<\/li>\n<\/ul><\/div>\n","protected":false},"excerpt":{"rendered":"<p>Einfach auftragen, warten und zusehen, wie die Flecken verschwinden|Entfernt m\u00fchelos und effektiv hartn\u00e4ckigen Schimmel und Flecken|Entfernt Flecken ohne hartes Schrubben|Frei von sch\u00e4dlichen Chemikalien, daher f\u00fcr Haushalte und Familien geeignet|Verhindert, dass Schimmel zur\u00fcckkehrt|Sorgt f\u00fcr eine frischere, ges\u00fcndere Umgebung|Perfekt f\u00fcr den Einsatz in B\u00e4dern, K\u00fcchen und anderen Nassbereichen|Stellt die Sauberkeit von Fliesen, Fugen, Geschirrsp\u00fclern und mehr wieder her|L\u00e4sst sich leicht auf N\u00e4hte und enge Ecken auftragen|Inhalt: 100 ml<\/p>\n","protected":false},"featured_media":39123,"template":"","meta":[],"product_cat":[16,2568],"product_tag":[1556,2569],"acf":[],"_links":{"self":[{"href":"https:\/\/smania.store\/de\/wp-json\/wp\/v2\/product\/39122"}],"collection":[{"href":"https:\/\/smania.store\/de\/wp-json\/wp\/v2\/product"}],"about":[{"href":"https:\/\/smania.store\/de\/wp-json\/wp\/v2\/types\/product"}],"wp:featuredmedia":[{"embeddable":true,"href":"https:\/\/smania.store\/de\/wp-json\/wp\/v2\/media\/39123"}],"wp:attachment":[{"href":"https:\/\/smania.store\/de\/wp-json\/wp\/v2\/media?parent=39122"}],"wp:term":[{"taxonomy":"product_cat","embeddable":true,"href":"https:\/\/smania.store\/de\/wp-json\/wp\/v2\/product_cat?post=39122"},{"taxonomy":"product_tag","embeddable":true,"href":"https:\/\/smania.store\/de\/wp-json\/wp\/v2\/product_tag?post=39122"}],"curies":[{"name":"wp","href":"https:\/\/api.w.org\/{rel}","templated":true}]}}