{"id":39103,"date":"2025-04-10T12:32:08","date_gmt":"2025-04-10T10:32:08","guid":{"rendered":"https:\/\/smania.store\/de\/produkt\/holzrestaurierungs-und-reinigungsmittel-vividwood-300-ml\/"},"modified":"2025-09-22T08:48:14","modified_gmt":"2025-09-22T06:48:14","slug":"holzrestaurierungs-und-reinigungsmittel-vividwood-300-ml","status":"publish","type":"product","link":"https:\/\/smania.store\/de\/produkt\/holzrestaurierungs-und-reinigungsmittel-vividwood-300-ml\/","title":{"rendered":"Holzrestaurierungs- und Reinigungsmittel VividWood\u2122 (300 ml)"},"content":{"rendered":"<div class=\"smania_landing_description_title\">NEU: VividWood\u2122 &#8211; erweckt stumpfes Holz wieder zum Leben!<\/div>\n<div class=\"smania_landing_description_txt\">Stellen Sie die nat\u00fcrliche Sch\u00f6nheit von altem Holz wieder her!<\/div>\n<div class=\"smania_landing_description_subtitle\">Im Gegensatz zu anderen Holzrestaurierungsprodukten deckt VividWood\u2122 nicht nur Sch\u00e4den ab! Es dringt in die Oberfl\u00e4che ein, neutralisiert die Vergrauung und revitalisiert das Holz, verl\u00e4ngert seine Lebensdauer und erspart Ihnen die Kosten f\u00fcr den Austausch des Holzes.<\/div>\n<div class=\"smania_landing_description_list\">\n<ul>\n<li>Belebt altes, vergrautes Holz sofort wieder<\/li>\n<li>Baut Schmutz, Schimmel und Oxidation ab, die Verf\u00e4rbungen verursachen<\/li>\n<li>Verleiht Ihrem Holz ein frisches, erneuertes Aussehen<\/li>\n<li>Bewahrt die nat\u00fcrliche Ausstrahlung von Holz<\/li>\n<li>Vielseitig einsetzbar f\u00fcr alle Holzoberfl\u00e4chen im Au\u00dfenbereich<\/li>\n<li>Sichere, tief reinigende Formel<\/li>\n<\/ul><\/div>\n","protected":false},"excerpt":{"rendered":"<p>Dringt in die Oberfl\u00e4che ein, neutralisiert die Vergrauung und revitalisiert das Holz|Verl\u00e4ngert die Lebensdauer und erspart Ihnen die Kosten f\u00fcr den Austausch des Holzes|Entfernt hartn\u00e4ckige Verf\u00e4rbungen und stellt die urspr\u00fcngliche W\u00e4rme und den Charakter des Holzes wieder her|Restauriert und verbessert das Aussehen aller Holzoberfl\u00e4chen im Au\u00dfenbereich|Kann f\u00fcr B\u00f6den, Z\u00e4une, Au\u00dfenm\u00f6bel, Holzschuppen und mehr verwendet werden|Hergestellt aus sicheren, sanften Inhaltsstoffen, frei von aggressiven Chemikalien|Ungiftig, sicher f\u00fcr Menschen, Haustiere und Pflanzen|Inhalt: 300 ml<\/p>\n","protected":false},"featured_media":39104,"template":"","meta":[],"product_cat":[16,2568],"product_tag":[1495,2417,2569],"acf":[],"_links":{"self":[{"href":"https:\/\/smania.store\/de\/wp-json\/wp\/v2\/product\/39103"}],"collection":[{"href":"https:\/\/smania.store\/de\/wp-json\/wp\/v2\/product"}],"about":[{"href":"https:\/\/smania.store\/de\/wp-json\/wp\/v2\/types\/product"}],"wp:featuredmedia":[{"embeddable":true,"href":"https:\/\/smania.store\/de\/wp-json\/wp\/v2\/media\/39104"}],"wp:attachment":[{"href":"https:\/\/smania.store\/de\/wp-json\/wp\/v2\/media?parent=39103"}],"wp:term":[{"taxonomy":"product_cat","embeddable":true,"href":"https:\/\/smania.store\/de\/wp-json\/wp\/v2\/product_cat?post=39103"},{"taxonomy":"product_tag","embeddable":true,"href":"https:\/\/smania.store\/de\/wp-json\/wp\/v2\/product_tag?post=39103"}],"curies":[{"name":"wp","href":"https:\/\/api.w.org\/{rel}","templated":true}]}}