{"id":39083,"date":"2025-04-10T12:29:37","date_gmt":"2025-04-10T10:29:37","guid":{"rendered":"https:\/\/smania.store\/de\/produkt\/universal-entfetter-greaseoff-500-ml\/"},"modified":"2025-09-18T17:17:06","modified_gmt":"2025-09-18T15:17:06","slug":"universal-entfetter-greaseoff-500-ml","status":"publish","type":"product","link":"https:\/\/smania.store\/de\/produkt\/universal-entfetter-greaseoff-500-ml\/","title":{"rendered":"Universal-Entfetter GreaseOFF\u2122 (500 ml)"},"content":{"rendered":"<div class=\"smania_landing_description_title\">NEUE FORMEL: GreaseOFF\u2122 &#8211; baut Fett auf molekularer Ebene ab<\/div>\n<div class=\"smania_landing_description_txt\">Schluss mit hartn\u00e4ckigem Fett und Schmutz!<\/div>\n<div class=\"smania_landing_description_subtitle\">Verabschieden Sie sich von hartn\u00e4ckigem Fett und Dreck! Die fortschrittliche Formel von GreaseOFF\u2122 dringt tief in das Fett ein und bricht es auf molekularer Ebene auf, um ein makelloses, r\u00fcckstandsfreies Finish auf jeder Oberfl\u00e4che zu gew\u00e4hrleisten.<\/div>\n<div class=\"smania_landing_description_list\">\n<ul>\n<li>Schneidet durch Schichten von angesammeltem Fett<\/li>\n<li>Sorgt f\u00fcr ein makelloses, r\u00fcckstandsfreies Finish auf jeder Oberfl\u00e4che<\/li>\n<li>Sicher, schnell und m\u00fchelos in der Anwendung<\/li>\n<li>Geeignet f\u00fcr Herdplatten, \u00d6fen, BBQ-Grills, Automotoren, Fahrradketten und mehr<\/li>\n<li>Perfekt f\u00fcr den privaten und professionellen Einsatz<\/li>\n<\/ul><\/div>\n","protected":false},"excerpt":{"rendered":"<p>Entwickelt f\u00fcr die Entfernung von hartn\u00e4ckigem K\u00fcchenfett, Schmutz und angebackenen Speisen|Hohe Durchdringungskraft, die bis in unzug\u00e4ngliche Rippenbereiche reicht|Leicht aufzutragen und zu verteilen, um sicherzustellen, dass jeder Winkel gr\u00fcndlich gereinigt wird|Einfache Anwendung: direkt auf die betroffene Stelle spr\u00fchen, ein paar Augenblicke warten und dann abwischen|Verwendung auf Herdplatten, Back\u00f6fen, Mikrowellen, Fliesen, Arbeitsplatten, BBQ-Grills, Automotoren, Fahrradketten und sogar Industriemaschinen|Inhalt: 500 ml<\/p>\n","protected":false},"featured_media":39074,"template":"","meta":[],"product_cat":[16,2568],"product_tag":[1556,2417,2569],"acf":[],"_links":{"self":[{"href":"https:\/\/smania.store\/de\/wp-json\/wp\/v2\/product\/39083"}],"collection":[{"href":"https:\/\/smania.store\/de\/wp-json\/wp\/v2\/product"}],"about":[{"href":"https:\/\/smania.store\/de\/wp-json\/wp\/v2\/types\/product"}],"wp:featuredmedia":[{"embeddable":true,"href":"https:\/\/smania.store\/de\/wp-json\/wp\/v2\/media\/39074"}],"wp:attachment":[{"href":"https:\/\/smania.store\/de\/wp-json\/wp\/v2\/media?parent=39083"}],"wp:term":[{"taxonomy":"product_cat","embeddable":true,"href":"https:\/\/smania.store\/de\/wp-json\/wp\/v2\/product_cat?post=39083"},{"taxonomy":"product_tag","embeddable":true,"href":"https:\/\/smania.store\/de\/wp-json\/wp\/v2\/product_tag?post=39083"}],"curies":[{"name":"wp","href":"https:\/\/api.w.org\/{rel}","templated":true}]}}