{"id":39001,"date":"2025-04-10T09:11:06","date_gmt":"2025-04-10T07:11:06","guid":{"rendered":"https:\/\/smania.store\/de\/produkt\/sandbindemittel-sandbind-1-l\/"},"modified":"2026-04-05T15:05:11","modified_gmt":"2026-04-05T13:05:11","slug":"sandbindemittel-sandbind-1-l","status":"publish","type":"product","link":"https:\/\/smania.store\/de\/produkt\/sandbindemittel-sandbind-1-l\/","title":{"rendered":"Sandbindemittel SANDBIND\u2122 (1 L)"},"content":{"rendered":"<div class=\"smania_landing_description_title\">NEU! Reparieren Sie gef\u00e4hrliche Schlagl\u00f6cher im Handumdrehen<\/div>\n<div class=\"smania_landing_description_txt\">Starker Haftvermittler f\u00fcr B\u00f6den und W\u00e4nde und dauerhafte Reparaturen!<\/div>\n<div class=\"smania_landing_description_subtitle\">Entdecken Sie das Geheimnis einer lang anhaltenden Abdichtungsl\u00f6sung! Verabschieden Sie sich von gef\u00e4hrlichen Schlagl\u00f6chern und br\u00f6ckelnden W\u00e4nden mit SANDBIND\u2122, einem klaren, sandbasierten Kleber f\u00fcr Stra\u00dfen- und Wandreparaturen. Eine schnelle und einfache L\u00f6sung, die das Risiko kostspieliger Reparaturen ausschlie\u00dft. Sind Sie bereit, Ihr Haus und Ihren Garten einfach, schnell und effektiv zu sch\u00fctzen? Schon bei den ersten Anwendungen werden Sie die Kraft von SANDBIND\u2122 sp\u00fcren!<\/div>\n<div class=\"smania_landing_description_list\">\n<ul>\n<li>Extreme Klebekraft f\u00fcr lang anhaltende Reparaturen<\/li>\n<li>Einfache und kosteng\u00fcnstige L\u00f6sung f\u00fcr Schlaglochreparaturen<\/li>\n<li>Verl\u00e4ngert die Lebensdauer von Mauern und Stra\u00dfen<\/li>\n<li>Widerstandsf\u00e4hig gegen Wasser und Feuchtigkeit<\/li>\n<li>Widerstandsf\u00e4hig gegen UV-Strahlen und extreme Temperaturen<\/li>\n<li>Sicher in der Anwendung, umweltfreundliche Formel<\/li>\n<\/ul><\/div>\n","protected":false},"excerpt":{"rendered":"<p>Schnelle, einfache und kosteng\u00fcnstige Stra\u00dfen- und Wandreparaturen|Auch f\u00fcr Anf\u00e4nger leicht zu verarbeiten|Ultrastarke Haftung gew\u00e4hrleistet dauerhafte Rissreparaturen|Widerstandsf\u00e4hig gegen Wasser und Feuchtigkeit|Widerstandsf\u00e4hig gegen UV-Strahlen und extreme Temperaturen|Schnelles und effektives Eindringen von Sand|Erzeugt eine Polymerschicht, die die Risse versiegelt|Netto: 1 L |Ergiebigkeit: bis zu 4 Quadratmeter|Anwendungsbereiche: B\u00f6den, W\u00e4nde|Geeignete Materialien: Sand, Felsen|Umweltfreundliche Formel auf Wasserbasis|Kann bei Raumtemperatur gelagert werden (5-35\u00b0C)|Haltbarkeitsdauer: 12 Monate<\/p>\n","protected":false},"featured_media":39054,"template":"","meta":[],"product_cat":[16,2568],"product_tag":[2570,1495],"acf":[],"_links":{"self":[{"href":"https:\/\/smania.store\/de\/wp-json\/wp\/v2\/product\/39001"}],"collection":[{"href":"https:\/\/smania.store\/de\/wp-json\/wp\/v2\/product"}],"about":[{"href":"https:\/\/smania.store\/de\/wp-json\/wp\/v2\/types\/product"}],"wp:featuredmedia":[{"embeddable":true,"href":"https:\/\/smania.store\/de\/wp-json\/wp\/v2\/media\/39054"}],"wp:attachment":[{"href":"https:\/\/smania.store\/de\/wp-json\/wp\/v2\/media?parent=39001"}],"wp:term":[{"taxonomy":"product_cat","embeddable":true,"href":"https:\/\/smania.store\/de\/wp-json\/wp\/v2\/product_cat?post=39001"},{"taxonomy":"product_tag","embeddable":true,"href":"https:\/\/smania.store\/de\/wp-json\/wp\/v2\/product_tag?post=39001"}],"curies":[{"name":"wp","href":"https:\/\/api.w.org\/{rel}","templated":true}]}}