{"id":38980,"date":"2025-04-09T11:45:52","date_gmt":"2025-04-09T09:45:52","guid":{"rendered":"https:\/\/smania.store\/de\/produkt\/viva-vex-gehwegreiniger\/"},"modified":"2026-04-17T11:04:51","modified_gmt":"2026-04-17T09:04:51","slug":"viva-vex-gehwegreiniger","status":"publish","type":"product","link":"https:\/\/smania.store\/de\/produkt\/viva-vex-gehwegreiniger\/","title":{"rendered":"Viva Vex Gehwegreiniger"},"content":{"rendered":"<div class=\"smania_landing_description_title\">NEU! Viva Vex &#8211; einfache Reinigung, hervorragende Ergebnisse<\/div>\n<div class=\"smania_landing_description_txt\">Das perfekte Werkzeug f\u00fcr einen blitzsauberen Garten<\/div>\n<div class=\"smania_landing_description_subtitle\">M\u00f6chten Sie, dass Ihre Terrasse, Ihre Gartenwege oder Ihre Einfahrt wieder wie neu gl\u00e4nzen? Mit Viva Vex entfernen Sie schnell und effektiv alle hartn\u00e4ckigen Flecken, Fettflecken, Algen, Schimmel und Mineralablagerungen. Diese extrem leistungsstarke Formel wurde speziell f\u00fcr die Reinigung einer Vielzahl von Oberfl\u00e4chen entwickelt und ist gleichzeitig sanft genug, um Ihre wertvollen Pflastersteine nicht zu besch\u00e4digen.<\/div>\n<div class=\"smania_landing_description_list\">\n<ul>\n<li>Einfache Fleckenentfernung: Hartn\u00e4ckige Flecken, Fettablagerungen und Algen lassen sich mit minimalem Aufwand entfernen<\/li>\n<li>Vielseitig: Geeignet f\u00fcr Granit, Marmor, Sandstein, Keramik und mehr<\/li>\n<li>Hervorragende Ergebnisse: Viva Vex sorgt daf\u00fcr, dass Ihre Terrasse oder Ihr Garten wie neu aussieht, unabh\u00e4ngig vom Alter der Pflastersteine<\/li>\n<li>Sicher in der Anwendung: Obwohl es stark gegen Schmutz ist, ist es bei richtiger Anwendung sicher f\u00fcr Ihre Oberfl\u00e4chen<\/li>\n<li>Spart Zeit und M\u00fche: Schnelle und einfache Reinigung, ohne m\u00fchsames Schrubben<\/li>\n<\/ul><\/div>\n","protected":false},"excerpt":{"rendered":"<p>Au\u00dfergew\u00f6hnliche Reinigungskraft: Entfernt selbst hartn\u00e4ckigste Flecken und Ablagerungen im Handumdrehen|Geeignet f\u00fcr eine Vielzahl von Materialien: Verwendung auf Granit, Marmor, Sandstein und anderen Natursteinen|Einfache Anwendung: Einfach auftragen, abwarten und absp\u00fclen f\u00fcr sch\u00f6ne Ergebnisse|Schonend f\u00fcr Oberfl\u00e4chen: Stark gegen Schmutz, aber sanft zu Ihren Pflastersteinen|Volumen: 500 ml, ausreichend f\u00fcr gr\u00f6\u00dfere Fl\u00e4chen|Schnelle Wirkung: Effektive Reinigung ohne lange Wartezeiten|Vielseitig: Ideal f\u00fcr Terrassen, Einfahrten, Gartenwege und alle Steinoberfl\u00e4chen im Freien|Umweltschonend: Ohne sch\u00e4dliche Chemikalien formuliert, schonend f\u00fcr die Umwelt und Ihre Umgebung<\/p>\n","protected":false},"featured_media":39387,"template":"","meta":[],"product_cat":[16,2568],"product_tag":[1495,2569],"acf":[],"_links":{"self":[{"href":"https:\/\/smania.store\/de\/wp-json\/wp\/v2\/product\/38980"}],"collection":[{"href":"https:\/\/smania.store\/de\/wp-json\/wp\/v2\/product"}],"about":[{"href":"https:\/\/smania.store\/de\/wp-json\/wp\/v2\/types\/product"}],"wp:featuredmedia":[{"embeddable":true,"href":"https:\/\/smania.store\/de\/wp-json\/wp\/v2\/media\/39387"}],"wp:attachment":[{"href":"https:\/\/smania.store\/de\/wp-json\/wp\/v2\/media?parent=38980"}],"wp:term":[{"taxonomy":"product_cat","embeddable":true,"href":"https:\/\/smania.store\/de\/wp-json\/wp\/v2\/product_cat?post=38980"},{"taxonomy":"product_tag","embeddable":true,"href":"https:\/\/smania.store\/de\/wp-json\/wp\/v2\/product_tag?post=38980"}],"curies":[{"name":"wp","href":"https:\/\/api.w.org\/{rel}","templated":true}]}}