{"id":38448,"date":"2024-11-05T10:51:34","date_gmt":"2024-11-05T09:51:34","guid":{"rendered":"https:\/\/smania.store\/de\/produkt\/scheinwerfer-poliermittel-carlight-pro\/"},"modified":"2026-04-16T11:35:43","modified_gmt":"2026-04-16T09:35:43","slug":"scheinwerfer-poliermittel-carlight-pro","status":"publish","type":"product","link":"https:\/\/smania.store\/de\/produkt\/scheinwerfer-poliermittel-carlight-pro\/","title":{"rendered":"Scheinwerfer-Poliermittel CarLight Pro"},"content":{"rendered":"<div class=\"smania_landing_description_title\">Neu! CarLight Pro: Lassen Sie Ihre Scheinwerfer wie neu aussehen<\/div>\n<div class=\"smania_landing_description_txt\">Sorgen Sie f\u00fcr hervorragende Sicht &#8211; ohne Ihre Scheinwerfer auszutauschen!<\/div>\n<div class=\"smania_landing_description_subtitle\">Wenn Ihre Scheinwerfer beschlagen und vergilbt sind, kann sich Ihre Sichtbarkeit auf der Stra\u00dfe bei Nacht um bis zu 80% verringern! Das bedeutet jedoch nicht, dass Sie sie ersetzen m\u00fcssen. Wenden Sie CarLight Pro an und stellen Sie den Glanz Ihrer Scheinwerfer wieder her.<\/div>\n<div class=\"smania_landing_description_list\">\n<ul>\n<li>Entfernt wirksam die Vergilbung der Scheinwerfer<\/li>\n<li>Stellt den urspr\u00fcnglichen Glanz der Scheinwerfer wieder her<\/li>\n<li>Erh\u00f6ht die Sicherheit durch hellere, besser sichtbare Lichter<\/li>\n<li>Sorgt daf\u00fcr, dass die Scheinwerfer l\u00e4nger wie neu aussehen<\/li>\n<\/ul><\/div>\n","protected":false},"excerpt":{"rendered":"<p>Spart die Kosten f\u00fcr den Austausch von Scheinwerfern|Stellt die Klarheit der Scheinwerfer wieder her|Verhindert ein weiteres Vergilben|Wirksame Formel zur Entfernung gelber Flecken|Geeignet f\u00fcr alle Arten von Scheinwerfern, unabh\u00e4ngig von Fahrzeugmarke und -modell|Einfache Anwendung: Oberfl\u00e4che reinigen, gleichm\u00e4\u00dfig einspr\u00fchen, mit einem Tuch verteilen und trocknen lassen|Inhalt: 30 ml<\/p>\n","protected":false},"featured_media":38437,"template":"","meta":[],"product_cat":[18],"product_tag":[1493],"acf":[],"_links":{"self":[{"href":"https:\/\/smania.store\/de\/wp-json\/wp\/v2\/product\/38448"}],"collection":[{"href":"https:\/\/smania.store\/de\/wp-json\/wp\/v2\/product"}],"about":[{"href":"https:\/\/smania.store\/de\/wp-json\/wp\/v2\/types\/product"}],"wp:featuredmedia":[{"embeddable":true,"href":"https:\/\/smania.store\/de\/wp-json\/wp\/v2\/media\/38437"}],"wp:attachment":[{"href":"https:\/\/smania.store\/de\/wp-json\/wp\/v2\/media?parent=38448"}],"wp:term":[{"taxonomy":"product_cat","embeddable":true,"href":"https:\/\/smania.store\/de\/wp-json\/wp\/v2\/product_cat?post=38448"},{"taxonomy":"product_tag","embeddable":true,"href":"https:\/\/smania.store\/de\/wp-json\/wp\/v2\/product_tag?post=38448"}],"curies":[{"name":"wp","href":"https:\/\/api.w.org\/{rel}","templated":true}]}}