{"id":38436,"date":"2024-11-05T08:25:02","date_gmt":"2024-11-05T07:25:02","guid":{"rendered":"https:\/\/smania.store\/de\/produkt\/anti-beschlag-und-anti-tau-spray-fogless-pro\/"},"modified":"2025-04-10T12:56:57","modified_gmt":"2025-04-10T10:56:57","slug":"anti-beschlag-und-anti-tau-spray-fogless-pro","status":"publish","type":"product","link":"https:\/\/smania.store\/de\/produkt\/anti-beschlag-und-anti-tau-spray-fogless-pro\/","title":{"rendered":"Anti-Beschlag- und Anti-Tau-Spray FOGLESS PRO"},"content":{"rendered":"<div class=\"smania_landing_description_title\">FOGLESS PRO &#8211; Lang anhaltende Sauberkeit und klare Sicht<\/div>\n<div class=\"smania_landing_description_txt\">Vergessen Sie beschlagene Gl\u00e4ser, beschlagene Scheiben und beschlagene Autoscheiben w\u00e4hrend der Fahrt<\/div>\n<div class=\"smania_landing_description_subtitle\">Halten Sie Ihr Glas und glatte Oberfl\u00e4chen kristallklar, wann immer Sie sie brauchen! Die fortschrittliche Formel von FOGLESS PRO bietet lang anhaltenden Schutz vor Beschlag und Kondenswasser, so dass Sie immer klar sehen k\u00f6nnen &#8211; ohne st\u00f6rende Tropfen und Beschlag.<\/div>\n<div class=\"smania_landing_description_list\">\n<ul>\n<li>Geeignet f\u00fcr B\u00e4der, Autos, Brillen und Fenster <\/li>\n<li>Leistungsstarke Formel, die die Bildung von Feuchtigkeit und Tau verhindert <\/li>\n<li>Eine Anwendung reicht aus und sorgt f\u00fcr bessere Sicht f\u00fcr l\u00e4ngere Zeit<\/li>\n<li>Genie\u00dfen Sie bessere Sicht und makellose Klarheit &#8211; in jeder Situation<\/li>\n<\/ul><\/div>\n","protected":false},"excerpt":{"rendered":"<p>Sorgt f\u00fcr lang anhaltende Klarheit und klare Sicht|Die leistungsstarke Formel bildet eine unsichtbare Barriere auf der Oberfl\u00e4che und verhindert so die Bildung von Kondenswasser und die Ansammlung von Tr\u00f6pfchen|V\u00f6llig sicher in der Anwendung, hinterl\u00e4sst keine R\u00fcckst\u00e4nde und besch\u00e4digt keine Oberfl\u00e4chen|Inhalt: 300 ml|Geeignet f\u00fcr alle Arten von Glas: Autoglas, Fenster, Brillen, Badezimmerglas\/Spiegel, Ferngl\u00e4ser, etc.|Anwendung: Oberfl\u00e4che reinigen, das Produkt aus 30 cm Entfernung auftragen, gleichm\u00e4\u00dfig verteilen, 30 Minuten trocknen lassen &#8211; fertig!<\/p>\n","protected":false},"featured_media":39229,"template":"","meta":[],"product_cat":[18,16,2568],"product_tag":[2572,1556,2569,1493],"acf":[],"_links":{"self":[{"href":"https:\/\/smania.store\/de\/wp-json\/wp\/v2\/product\/38436"}],"collection":[{"href":"https:\/\/smania.store\/de\/wp-json\/wp\/v2\/product"}],"about":[{"href":"https:\/\/smania.store\/de\/wp-json\/wp\/v2\/types\/product"}],"wp:featuredmedia":[{"embeddable":true,"href":"https:\/\/smania.store\/de\/wp-json\/wp\/v2\/media\/39229"}],"wp:attachment":[{"href":"https:\/\/smania.store\/de\/wp-json\/wp\/v2\/media?parent=38436"}],"wp:term":[{"taxonomy":"product_cat","embeddable":true,"href":"https:\/\/smania.store\/de\/wp-json\/wp\/v2\/product_cat?post=38436"},{"taxonomy":"product_tag","embeddable":true,"href":"https:\/\/smania.store\/de\/wp-json\/wp\/v2\/product_tag?post=38436"}],"curies":[{"name":"wp","href":"https:\/\/api.w.org\/{rel}","templated":true}]}}